{"id":1884,"date":"2014-03-04T18:49:05","date_gmt":"2014-03-04T16:49:05","guid":{"rendered":"http:\/\/www.schneemann-berlin.de\/blog\/?page_id=1884"},"modified":"2021-06-08T11:05:09","modified_gmt":"2021-06-08T09:05:09","slug":"das-mansfeld-lied","status":"publish","type":"page","link":"https:\/\/www.schneemann-berlin.de\/blog\/das-mansfeld-lied\/","title":{"rendered":"Das Mansfeld-Lied"},"content":{"rendered":"\n<div class=\"wp-block-columns is-layout-flex wp-container-core-columns-is-layout-9d6595d7 wp-block-columns-is-layout-flex\">\n<div class=\"wp-block-column is-layout-flow wp-block-column-is-layout-flow\" style=\"flex-basis:50%\">\n<p>Die\u00adses schlich\u00adte und etwas nai\u00adve Lied kennt wohl jeder \u00e4lte\u00adre Mans\u00adfel\u00adder \u2013 er hat es in der Schu\u00adle gelernt und mit Inbrunst gesun\u00adgen. Der <em>Mans\u00adfel\u00adder Hym\u00adne<\/em> einen Autor zuzu\u00adord\u00adnen ist nicht ganz ein\u00addeu\u00adtig m\u00f6g\u00adlich; es wer\u00adden zwei Namen gehan\u00addelt: <em>Franz Kol\u00additz<\/em> aus <em>Sie\u00adbi\u00adge\u00adro\u00adde<\/em>, der 1947 starb und <em>Horst Becker<\/em>, ein Leh\u00adrer aus <em>Hel\u00adbra<\/em>. Ich nei\u00adge eher zu Letz\u00adte\u00adrem, denn die <a href=\"https:\/\/www.schneemann-berlin.de\/blog\/erinnerungen\/andere-lieder\">Gedich\u00adte des Franz Kol\u00additz klin\u00adgen<\/a> \u2013 hmm \u2026 nun doch etwas anders.<br>Letzt\u00adend\u00adlich ist es aber auch gleichg\u00fcltig.<\/p>\n<\/div>\n\n\n\n<div class=\"wp-block-column is-layout-flow wp-block-column-is-layout-flow\" style=\"flex-basis:50%\">\n<div class=\"wp-block-image\"><figure class=\"alignright size-large\"><a href=\"https:\/\/www.schneemann-berlin.de\/blog\/wp-content\/uploads\/2019\/09\/ML-1.jpg\"><img loading=\"lazy\" decoding=\"async\" width=\"736\" height=\"486\" src=\"https:\/\/www.schneemann-berlin.de\/blog\/wp-content\/uploads\/2019\/09\/ML-1.jpg\" alt=\"Kegelhalde im Mansfelder Land\" class=\"wp-image-5238\" srcset=\"https:\/\/www.schneemann-berlin.de\/blog\/wp-content\/uploads\/2019\/09\/ML-1.jpg 736w, https:\/\/www.schneemann-berlin.de\/blog\/wp-content\/uploads\/2019\/09\/ML-1-300x198.jpg 300w, https:\/\/www.schneemann-berlin.de\/blog\/wp-content\/uploads\/2019\/09\/ML-1-121x80.jpg 121w\" sizes=\"auto, (max-width: 736px) 100vw, 736px\"><\/a><figcaption>\u2026oh Hei\u00admat, wie bist Du so&nbsp;sch\u00f6n<\/figcaption><\/figure><\/div>\n<\/div>\n<\/div>\n\n\n\n<div class=\"wp-block-columns is-layout-flex wp-container-core-columns-is-layout-9d6595d7 wp-block-columns-is-layout-flex\">\n<div class=\"wp-block-column is-layout-flow wp-block-column-is-layout-flow\" style=\"flex-basis:50%\">\n<p><strong>Nach\u00adtrag (17.09.2019):<\/strong><br>Ein ehe\u00adma\u00adli\u00adger Gerb\u00adsted\u00adter, Herr J\u00fcr\u00adgen K\u00f6pp, schrieb mir u.a.: \u201c<em>\u2026 Zum Mans\u00adfeld Lied mei\u00adne ich jedoch den Urhe\u00adber zu ken\u00adnen. Wir hat\u00adten w\u00e4h\u00adrend mei\u00adner Schul\u00adzeit in den 50-zigern einen Musik\u00adleh\u00adrer, Herrn Horst-Rudolph Flei\u00adscher. Immer wenn wir das Lied hat\u00adten gab es am Ende ein Ritu\u00adal:<\/em><br>  <em>Herr Flei\u00adscher: \u2018Text und Musik?\u2019<\/em><br><em>  Klas\u00adse im Chor: \u2018Horst-Rudolph Flei\u00adscher\u2019.<\/em><br><em>Herr Flei\u00adscher war zu die\u00adser Zeit auch Chor\u00adlei\u00adter in Gerb\u00adstedt \u2026<\/em>\u201c<br><br>Und eini\u00adge Zeit sp\u00e4\u00adter: \u201c<em>\u2026 Wir hat\u00adten nun unser Klas\u00adsen\u00adtref\u00adfen und alle mei\u00adne ehe\u00adma\u00adli\u00adgen Mit\u00adsch\u00fc\u00adler haben mir noch\u00admal das best\u00e4\u00adtigt, was ich Ihnen am 25.04. schrieb. Best\u00e4\u00adti\u00adgung kam auch von Herrn Unge\u00adlenk, unse\u00adrem Leh\u00adrer und sp\u00e4\u00adte\u00adren Direk\u00adtor der POS Gerb\u00adstedt. Frau H\u00f6hn\u00addorf, Stellv. B\u00fcr\u00adger\u00admeis\u00adte\u00adrin der Ein\u00adheits\u00adge\u00admein\u00adde d\u00fcrf\u00adte das eben\u00adfalls k\u00f6n\u00adnen, sowie alle Gerb\u00adsted\u00adter im pas\u00adsen\u00adden Alter. Ich w\u00fcnsch\u00adte mir dies Alles k\u00f6nn\u00adte aus\u00adrei\u00adchen, Herrn Horst-Rudolph Flei\u00adscher wenn nicht gar aus\u00adschlie\u00df\u00adlich, so doch neben den bereits genann\u00adten Autoren zu erw\u00e4h\u00adnen\u2026<\/em>\u201c<br><br>Was hier\u00admit gesche\u00adhen ist; dan\u00adke, Herr&nbsp;K\u00f6pp!<\/p>\n\n\n\n<div style=\"height:100px\" aria-hidden=\"true\" class=\"wp-block-spacer\"><\/div>\n\n\n\n<div class=\"wp-block-file\"><a href=\"https:\/\/www.schneemann-berlin.de\/blog\/wp-content\/uploads\/2021\/06\/Lied-Mansfeldlied-bearb.Tabs_.jpg\">Down\u00adload Noten Mansfeldlied<\/a><\/div>\n<\/div>\n\n\n\n<div class=\"wp-block-column is-vertically-aligned-top is-layout-flow wp-block-column-is-layout-flow\" style=\"flex-basis:50%\">\n<h4 class=\"has-text-align-center wp-block-heading\">Das Mansfeld-Lied<\/h4>\n\n\n\n<p class=\"has-text-align-right has-vivid-cyan-blue-color has-text-color has-small-font-size\"> <strong><em>Text und Musik: Horst Becke<\/em><\/strong>r<\/p>\n\n\n\n<p class=\"has-text-align-center\"><em>Umge\u00adben von Ber\u00adgen und W\u00e4l\u00addern <br>Durch\u00adzo\u00adgen von T\u00e4lern und H\u00f6h\u2019n<br>Inmit\u00adten von bl\u00fc\u00adhen\u00adden Fel\u00addern<br>Mein Mans\u00adfeld wie Bist Du so sch\u00f6n. <br><br>Der Berg\u00admann er f\u00f6r\u00addert die Koh\u00adle<br>Das Kup\u00adfer und Kali er bringt<br>Und abends auf ein\u00adsa\u00admer Hoh\u00adle<br>Ein uraltes Lied\u00adchen er singt.<br><br>Wir lie\u00adben das fr\u00f6h\u00adli\u00adche Leben<br>Wir lie\u00adben den Tanz und das Spiel<br>Wir sind uns\u2019rer Hei\u00admat erge\u00adben<br>Denn sie gab uns unend\u00adlich viel. <br><br>Refr. Du Mans\u00adfel\u00adder Land mein Gru\u00df, der gilt Dir.<br>Ihr Berg\u00adleut\u2019 und Bau\u00adern\u00adge\u00adgr\u00fc\u00dft seid ihr mir.<br>Ihr Sch\u00e4ch\u00adte und H\u00fct\u00adten ihr D\u00f6r\u00adfer und Seen<br>O Hei\u00admat, wie bist Du so&nbsp;sch\u00f6n.<\/em><\/p>\n\n\n\n<div style=\"height:100px\" aria-hidden=\"true\" class=\"wp-block-spacer\"><\/div>\n\n\n\n<figure class=\"wp-block-audio aligncenter\"><audio controls src=\"https:\/\/www.schneemann-berlin.de\/blog\/wp-content\/uploads\/2014\/03\/Schneemann-Mansfeldlied-3.mp3\"><\/audio><\/figure>\n<\/div>\n<\/div>\n\n\n\n<hr class=\"wp-block-separator is-style-wide\">\n\n\n\n<div style=\"height:161px\" aria-hidden=\"true\" class=\"wp-block-spacer\"><\/div>\n","protected":false},"excerpt":{"rendered":"<p> [\u2026]<\/p>\n","protected":false},"author":1,"featured_media":0,"parent":0,"menu_order":8,"comment_status":"open","ping_status":"closed","template":"","meta":{"wp_typography_post_enhancements_disabled":false,"ngg_post_thumbnail":0,"footnotes":""},"class_list":["post-1884","page","type-page","status-publish","hentry"],"yoast_head":"<!-- This site is optimized with the Yoast SEO plugin v21.3 - https:\/\/yoast.com\/wordpress\/plugins\/seo\/ -->\n<title>Das Mansfeld-Lied - schneeblog<\/title>\n<meta name=\"description\" content=\"Das Mansfeld-Lied. Mein Mansfelder Land: Melodie und Noten mit Gitarren-Tabs\" \/>\n<meta name=\"robots\" content=\"index, follow, max-snippet:-1, max-image-preview:large, max-video-preview:-1\" \/>\n<link rel=\"canonical\" href=\"https:\/\/www.schneemann-berlin.de\/blog\/das-mansfeld-lied\/\" \/>\n<meta property=\"og:locale\" content=\"de_DE\" \/>\n<meta property=\"og:type\" content=\"article\" \/>\n<meta property=\"og:title\" content=\"Das Mansfeld-Lied - schneeblog\" \/>\n<meta property=\"og:description\" content=\"Das Mansfeld-Lied. Mein Mansfelder Land: Melodie und Noten mit Gitarren-Tabs\" \/>\n<meta property=\"og:url\" content=\"https:\/\/www.schneemann-berlin.de\/blog\/das-mansfeld-lied\/\" \/>\n<meta property=\"og:site_name\" content=\"schneeblog\" \/>\n<meta property=\"article:modified_time\" content=\"2021-06-08T09:05:09+00:00\" \/>\n<meta property=\"og:image\" content=\"https:\/\/www.schneemann-berlin.de\/blog\/wp-content\/uploads\/2019\/09\/ML-1.jpg\" \/>\n<meta name=\"twitter:card\" content=\"summary_large_image\" \/>\n<meta name=\"twitter:label1\" content=\"Gesch\u00e4tzte Lesezeit\" \/>\n\t<meta name=\"twitter:data1\" content=\"2\u00a0Minuten\" \/>\n<script type=\"application\/ld+json\" class=\"yoast-schema-graph\">{\"@context\":\"https:\/\/schema.org\",\"@graph\":[{\"@type\":\"WebPage\",\"@id\":\"https:\/\/www.schneemann-berlin.de\/blog\/das-mansfeld-lied\/\",\"url\":\"https:\/\/www.schneemann-berlin.de\/blog\/das-mansfeld-lied\/\",\"name\":\"Das Mansfeld-Lied - schneeblog\",\"isPartOf\":{\"@id\":\"https:\/\/www.schneemann-berlin.de\/blog\/#website\"},\"datePublished\":\"2014-03-04T16:49:05+00:00\",\"dateModified\":\"2021-06-08T09:05:09+00:00\",\"description\":\"Das Mansfeld-Lied. Mein Mansfelder Land: Melodie und Noten mit Gitarren-Tabs\",\"breadcrumb\":{\"@id\":\"https:\/\/www.schneemann-berlin.de\/blog\/das-mansfeld-lied\/#breadcrumb\"},\"inLanguage\":\"de\",\"potentialAction\":[{\"@type\":\"ReadAction\",\"target\":[\"https:\/\/www.schneemann-berlin.de\/blog\/das-mansfeld-lied\/\"]}]},{\"@type\":\"BreadcrumbList\",\"@id\":\"https:\/\/www.schneemann-berlin.de\/blog\/das-mansfeld-lied\/#breadcrumb\",\"itemListElement\":[{\"@type\":\"ListItem\",\"position\":1,\"name\":\"Startseite\",\"item\":\"https:\/\/www.schneemann-berlin.de\/blog\/\"},{\"@type\":\"ListItem\",\"position\":2,\"name\":\"Das Mansfeld-Lied\"}]},{\"@type\":\"WebSite\",\"@id\":\"https:\/\/www.schneemann-berlin.de\/blog\/#website\",\"url\":\"https:\/\/www.schneemann-berlin.de\/blog\/\",\"name\":\"schneeblog\",\"description\":\"kleingr\u00fcnrotkarierte Republik Deutschland\",\"publisher\":{\"@id\":\"https:\/\/www.schneemann-berlin.de\/blog\/#\/schema\/person\/01899872b7c565f258077670b4160987\"},\"potentialAction\":[{\"@type\":\"SearchAction\",\"target\":{\"@type\":\"EntryPoint\",\"urlTemplate\":\"https:\/\/www.schneemann-berlin.de\/blog\/?s={search_term_string}\"},\"query-input\":\"required name=search_term_string\"}],\"inLanguage\":\"de\"},{\"@type\":[\"Person\",\"Organization\"],\"@id\":\"https:\/\/www.schneemann-berlin.de\/blog\/#\/schema\/person\/01899872b7c565f258077670b4160987\",\"name\":\"schneemann\",\"image\":{\"@type\":\"ImageObject\",\"inLanguage\":\"de\",\"@id\":\"https:\/\/www.schneemann-berlin.de\/blog\/#\/schema\/person\/image\/\",\"url\":\"https:\/\/www.schneemann-berlin.de\/blog\/wp-content\/uploads\/2021\/06\/2012-03-horst-profilbild3.jpg\",\"contentUrl\":\"https:\/\/www.schneemann-berlin.de\/blog\/wp-content\/uploads\/2021\/06\/2012-03-horst-profilbild3.jpg\",\"width\":900,\"height\":900,\"caption\":\"schneemann\"},\"logo\":{\"@id\":\"https:\/\/www.schneemann-berlin.de\/blog\/#\/schema\/person\/image\/\"},\"sameAs\":[\"http:\/\/www.schneemann-berlin.de\",\"https:\/\/www.youtube.com\/horstschneemann\"]}]}<\/script>\n<!-- \/ Yoast SEO plugin. -->","yoast_head_json":{"title":"Das Mansfeld-Lied - schneeblog","description":"Das Mansfeld-Lied. Mein Mansfelder Land: Melodie und Noten mit Gitarren-Tabs","robots":{"index":"index","follow":"follow","max-snippet":"max-snippet:-1","max-image-preview":"max-image-preview:large","max-video-preview":"max-video-preview:-1"},"canonical":"https:\/\/www.schneemann-berlin.de\/blog\/das-mansfeld-lied\/","og_locale":"de_DE","og_type":"article","og_title":"Das Mansfeld-Lied - schneeblog","og_description":"Das Mansfeld-Lied. Mein Mansfelder Land: Melodie und Noten mit Gitarren-Tabs","og_url":"https:\/\/www.schneemann-berlin.de\/blog\/das-mansfeld-lied\/","og_site_name":"schneeblog","article_modified_time":"2021-06-08T09:05:09+00:00","og_image":[{"url":"https:\/\/www.schneemann-berlin.de\/blog\/wp-content\/uploads\/2019\/09\/ML-1.jpg"}],"twitter_card":"summary_large_image","twitter_misc":{"Gesch\u00e4tzte Lesezeit":"2\u00a0Minuten"},"schema":{"@context":"https:\/\/schema.org","@graph":[{"@type":"WebPage","@id":"https:\/\/www.schneemann-berlin.de\/blog\/das-mansfeld-lied\/","url":"https:\/\/www.schneemann-berlin.de\/blog\/das-mansfeld-lied\/","name":"Das Mansfeld-Lied - schneeblog","isPartOf":{"@id":"https:\/\/www.schneemann-berlin.de\/blog\/#website"},"datePublished":"2014-03-04T16:49:05+00:00","dateModified":"2021-06-08T09:05:09+00:00","description":"Das Mansfeld-Lied. Mein Mansfelder Land: Melodie und Noten mit Gitarren-Tabs","breadcrumb":{"@id":"https:\/\/www.schneemann-berlin.de\/blog\/das-mansfeld-lied\/#breadcrumb"},"inLanguage":"de","potentialAction":[{"@type":"ReadAction","target":["https:\/\/www.schneemann-berlin.de\/blog\/das-mansfeld-lied\/"]}]},{"@type":"BreadcrumbList","@id":"https:\/\/www.schneemann-berlin.de\/blog\/das-mansfeld-lied\/#breadcrumb","itemListElement":[{"@type":"ListItem","position":1,"name":"Startseite","item":"https:\/\/www.schneemann-berlin.de\/blog\/"},{"@type":"ListItem","position":2,"name":"Das Mansfeld-Lied"}]},{"@type":"WebSite","@id":"https:\/\/www.schneemann-berlin.de\/blog\/#website","url":"https:\/\/www.schneemann-berlin.de\/blog\/","name":"schneeblog","description":"kleingr\u00fcnrotkarierte Republik Deutschland","publisher":{"@id":"https:\/\/www.schneemann-berlin.de\/blog\/#\/schema\/person\/01899872b7c565f258077670b4160987"},"potentialAction":[{"@type":"SearchAction","target":{"@type":"EntryPoint","urlTemplate":"https:\/\/www.schneemann-berlin.de\/blog\/?s={search_term_string}"},"query-input":"required name=search_term_string"}],"inLanguage":"de"},{"@type":["Person","Organization"],"@id":"https:\/\/www.schneemann-berlin.de\/blog\/#\/schema\/person\/01899872b7c565f258077670b4160987","name":"schneemann","image":{"@type":"ImageObject","inLanguage":"de","@id":"https:\/\/www.schneemann-berlin.de\/blog\/#\/schema\/person\/image\/","url":"https:\/\/www.schneemann-berlin.de\/blog\/wp-content\/uploads\/2021\/06\/2012-03-horst-profilbild3.jpg","contentUrl":"https:\/\/www.schneemann-berlin.de\/blog\/wp-content\/uploads\/2021\/06\/2012-03-horst-profilbild3.jpg","width":900,"height":900,"caption":"schneemann"},"logo":{"@id":"https:\/\/www.schneemann-berlin.de\/blog\/#\/schema\/person\/image\/"},"sameAs":["http:\/\/www.schneemann-berlin.de","https:\/\/www.youtube.com\/horstschneemann"]}]}},"_links":{"self":[{"href":"https:\/\/www.schneemann-berlin.de\/blog\/wp-json\/wp\/v2\/pages\/1884","targetHints":{"allow":["GET"]}}],"collection":[{"href":"https:\/\/www.schneemann-berlin.de\/blog\/wp-json\/wp\/v2\/pages"}],"about":[{"href":"https:\/\/www.schneemann-berlin.de\/blog\/wp-json\/wp\/v2\/types\/page"}],"author":[{"embeddable":true,"href":"https:\/\/www.schneemann-berlin.de\/blog\/wp-json\/wp\/v2\/users\/1"}],"replies":[{"embeddable":true,"href":"https:\/\/www.schneemann-berlin.de\/blog\/wp-json\/wp\/v2\/comments?post=1884"}],"version-history":[{"count":0,"href":"https:\/\/www.schneemann-berlin.de\/blog\/wp-json\/wp\/v2\/pages\/1884\/revisions"}],"wp:attachment":[{"href":"https:\/\/www.schneemann-berlin.de\/blog\/wp-json\/wp\/v2\/media?parent=1884"}],"curies":[{"name":"wp","href":"https:\/\/api.w.org\/{rel}","templated":true}]}}