{"id":3738,"date":"2016-03-18T14:25:53","date_gmt":"2016-03-18T12:25:53","guid":{"rendered":"http:\/\/www.schneemann-berlin.de\/blog\/?page_id=3738"},"modified":"2021-06-21T10:57:50","modified_gmt":"2021-06-21T08:57:50","slug":"1743-siersleben-im-lexikon","status":"publish","type":"page","link":"https:\/\/www.schneemann-berlin.de\/blog\/siersleben-ein-dorf-im-mansfelder-land\/quellen-zur-historie-sierslebens\/1743-siersleben-im-lexikon\/","title":{"rendered":"1743 Siersleben im Lexikon"},"content":{"rendered":"\n<p><a name=\"TOP\"><\/a><\/p>\n\n\n\n<h3 class=\"wp-block-heading\">Quelle: 1743 Gro\u00dfes vollst\u00e4ndiges Universal-Lexikon Aller Wissenschaften und K\u00fcnste welche bishero durch menschlichen Verstand und Witz erfunden und verbessert worden d<em>arinnen so wohl die Geographisch=Politische Beschreibung des Erd-Kreyses, nach allen Monarchien, Kayserth\u00fcmern, K\u00f6nigreichen, F\u00fcrstenth\u00fcmern, Republicken, freyen Herrschaften, L\u00e4ndern, St\u00e4dten<\/em> usw.&nbsp;usw.&nbsp;\u2026<\/h3>\n\n\n\n<div style=\"height:100px\" aria-hidden=\"true\" class=\"wp-block-spacer\"><\/div>\n\n\n\n<div class=\"wp-block-columns is-layout-flex wp-container-core-columns-is-layout-9d6595d7 wp-block-columns-is-layout-flex\">\n<div class=\"wp-block-column is-layout-flow wp-block-column-is-layout-flow\">\n<figure class=\"wp-block-image size-large\"><a href=\"https:\/\/www.schneemann-berlin.de\/blog\/wp-content\/uploads\/2016\/03\/1743-universallexikon-bd-37-titel.jpg\"><img loading=\"lazy\" decoding=\"async\" width=\"351\" height=\"587\" src=\"https:\/\/www.schneemann-berlin.de\/blog\/wp-content\/uploads\/2016\/03\/1743-universallexikon-bd-37-titel.jpg\" alt=\"1743-universallexikon-bd-37-titel\" class=\"wp-image-7783\" srcset=\"https:\/\/www.schneemann-berlin.de\/blog\/wp-content\/uploads\/2016\/03\/1743-universallexikon-bd-37-titel.jpg 351w, https:\/\/www.schneemann-berlin.de\/blog\/wp-content\/uploads\/2016\/03\/1743-universallexikon-bd-37-titel-239x400.jpg 239w, https:\/\/www.schneemann-berlin.de\/blog\/wp-content\/uploads\/2016\/03\/1743-universallexikon-bd-37-titel-48x80.jpg 48w\" sizes=\"auto, (max-width: 351px) 100vw, 351px\"><\/a><figcaption>1743 Titel\u00adblatt Uni\u00adver\u00adsal-Lexi\u00adkon Band&nbsp;37l<\/figcaption><\/figure>\n<\/div>\n\n\n\n<div class=\"wp-block-column is-layout-flow wp-block-column-is-layout-flow\">\n<figure class=\"wp-block-image size-large\"><a href=\"https:\/\/www.schneemann-berlin.de\/blog\/wp-content\/uploads\/2016\/03\/1743-universallexikon-bd-37-S586.jpg\"><img loading=\"lazy\" decoding=\"async\" width=\"334\" height=\"582\" src=\"https:\/\/www.schneemann-berlin.de\/blog\/wp-content\/uploads\/2016\/03\/1743-universallexikon-bd-37-S586.jpg\" alt=\"1743-universallexikon-bd-37-siersleben\" class=\"wp-image-7782\" srcset=\"https:\/\/www.schneemann-berlin.de\/blog\/wp-content\/uploads\/2016\/03\/1743-universallexikon-bd-37-S586.jpg 334w, https:\/\/www.schneemann-berlin.de\/blog\/wp-content\/uploads\/2016\/03\/1743-universallexikon-bd-37-S586-230x400.jpg 230w, https:\/\/www.schneemann-berlin.de\/blog\/wp-content\/uploads\/2016\/03\/1743-universallexikon-bd-37-S586-46x80.jpg 46w\" sizes=\"auto, (max-width: 334px) 100vw, 334px\"><\/a><figcaption>1743 Uni\u00adver\u00adsal\u00adle\u00adxi\u00adkon Band 37&nbsp;S.586<\/figcaption><\/figure>\n<\/div>\n\n\n\n<div class=\"wp-block-column is-layout-flow wp-block-column-is-layout-flow\">\n<p>In die\u00adsem Uni\u00adver\u00adsal-Lexi\u00adkon mit dem gaa\u00adanz laan\u00adgem Titel aus dem Jah\u00adre 1743 hat auch unser klei\u00adnes Siers\u00adle\u00adben sei\u00adnen kur\u00adzen Ein\u00adtrag erhal\u00adten, er lau\u00adtet:<br><br><em>Siers\u00adle\u00adben, ein Fle\u00adcken mit einem ade\u00adli\u00adgen Frey=Gute in der Graff\u00adschafft Mans\u00adfeld, einem Frey\u00adherrn von Posa\u00addovs\u00adky zust\u00e4n\u00addig<\/em>.<br><br>Die\u00adser <em>Frei\u00adherr von Posa\u00addov\u00adski<\/em> taucht in zwei wei\u00adte\u00adren Doku\u00admen\u00adten&nbsp; als Rit\u00adter\u00adgut\u00adbe\u00adsit\u00adzer auf: Zum Einen in der colo\u00adrier\u00adten <em>Dun\u00adcker<\/em>schen Auf\u00adz\u00e4h\u00adlung herr\u00adschaft\u00adli\u00adcher Wohn\u00adsit\u00adze \u2011hier des&nbsp; <a href=\"https:\/\/www.schneemann-berlin.de\/blog\/siersleben-ein-dorf-im-mansfelder-land\/quellen-zur-historie-sierslebens\/1857-siersleben-burg-oerner\/\" type=\"URL\" id=\"https:\/\/www.schneemann-berlin.de\/blog\/siersleben-ein-dorf-im-mansfelder-land\/quellen-zur-historie-sierslebens\/1857-siersleben-burg-oerner\/\" class=\"broken_link\">Rit\u00adter\u00adgu\u00adtes Burg-Oer\u00adner<\/a>- und zum Ande\u00adren, in der 77 Jah\u00adre fr\u00fc\u00adher erschie\u00adne\u00adnen <a href=\"https:\/\/www.schneemann-berlin.de\/blog\/siersleben-ein-dorf-im-mansfelder-land\/quellen-zur-historie-sierslebens\/1780-mansfeld-im-herzogtum-magdeburg\/\" data-type=\"page\" data-id=\"4815\">Beschrei\u00adbung der Graf\u00adschaft Mans\u00adfeld<\/a> durch <em>Oes\u00adfeld<\/em> aus dem Jah\u00adre&nbsp;1780.<\/p>\n<\/div>\n<\/div>\n\n\n\n<div class=\"wp-block-columns is-layout-flex wp-container-core-columns-is-layout-9d6595d7 wp-block-columns-is-layout-flex\">\n<div class=\"wp-block-column is-layout-flow wp-block-column-is-layout-flow\" style=\"flex-basis:66.66%\">\n<p>Es fin\u00addet sich \u00fcber\u00adra\u00adschen\u00adder\u00adwei\u00adse ein wei\u00adte\u00adrer Hin\u00adweis auf ein ande\u00adres Dorf mit dem Namen Siers\u00adle\u00adben. Die\u00adses Siers\u00adle\u00adben \u2011auch Gro\u00df-Siers\u00adle\u00adben bzw. <em>Sie\u00adgers\u00adle\u00adben<\/em> genannt- ist heu\u00adte eine W\u00fcs\u00adtung und befand sich im 15. Jahr\u00adhun\u00addert im Besitz der Fami\u00adlie <em>derer von Alvers\u00adle\u00adben<\/em>. Ihre Besit\u00adzun\u00adgen umfass\u00adten wei\u00adter\u00adhin die Orte See\u00adhau\u00adsen, Erx\u00adle\u00adben, Uhr\u00adle\u00adben, Ingers\u00adle\u00adben und Eimers\u00adle\u00adben. Der zu (Gro\u00df-) Siers\u00adle\u00adben geh\u00f6\u00adri\u00adge Ein\u00adtrag ist noch k\u00fcr\u00adzer: <em>Siers\u00adle\u00adben, ein Dorff&nbsp; im Her\u00adzog\u00adt\u00adhum Mag\u00adde\u00adburg, unweit dem Amte See\u00adhau\u00adsen<\/em>.<br>Aus einer ande\u00adren Quel\u00adle ersicht\u00adlich, da\u00df der <em>Weser<\/em>-Neben\u00adflu\u00df <em>Aller<\/em> bei die\u00adsem Siers\u00adle\u00adben sei\u00adnen Lauf beginnt (rech\u00adtes&nbsp;Bild)..<\/p>\n<\/div>\n\n\n\n<div class=\"wp-block-column is-vertically-aligned-bottom is-layout-flow wp-block-column-is-layout-flow\" style=\"flex-basis:33.33%\">\n<div class=\"wp-block-image\"><figure class=\"alignright size-large\"><a href=\"https:\/\/www.schneemann-berlin.de\/blog\/wp-content\/uploads\/2021\/06\/1743-siersleben-allerquelle.jpg\"><img loading=\"lazy\" decoding=\"async\" width=\"480\" height=\"121\" src=\"https:\/\/www.schneemann-berlin.de\/blog\/wp-content\/uploads\/2021\/06\/1743-siersleben-allerquelle.jpg\" alt=\"siersleben an der allerquelle\" class=\"wp-image-8014\" srcset=\"https:\/\/www.schneemann-berlin.de\/blog\/wp-content\/uploads\/2021\/06\/1743-siersleben-allerquelle.jpg 480w, https:\/\/www.schneemann-berlin.de\/blog\/wp-content\/uploads\/2021\/06\/1743-siersleben-allerquelle-420x106.jpg 420w, https:\/\/www.schneemann-berlin.de\/blog\/wp-content\/uploads\/2021\/06\/1743-siersleben-allerquelle-150x38.jpg 150w, https:\/\/www.schneemann-berlin.de\/blog\/wp-content\/uploads\/2021\/06\/1743-siersleben-allerquelle-300x76.jpg 300w\" sizes=\"auto, (max-width: 480px) 100vw, 480px\"><\/a><figcaption>Ein\u00adtrag zu Siers\u00adle\u00adben an der Allerquelle<\/figcaption><\/figure><\/div>\n<\/div>\n<\/div>\n\n\n\n<p><\/p>\n","protected":false},"excerpt":{"rendered":"<p> [\u2026]<\/p>\n","protected":false},"author":1,"featured_media":0,"parent":3629,"menu_order":5,"comment_status":"open","ping_status":"closed","template":"","meta":{"wp_typography_post_enhancements_disabled":false,"ngg_post_thumbnail":0,"footnotes":""},"class_list":["post-3738","page","type-page","status-publish","hentry"],"yoast_head":"<!-- This site is optimized with the Yoast SEO plugin v21.3 - https:\/\/yoast.com\/wordpress\/plugins\/seo\/ -->\n<title>1743 Siersleben im Lexikon - schneeblog<\/title>\n<meta name=\"robots\" content=\"index, follow, max-snippet:-1, max-image-preview:large, max-video-preview:-1\" \/>\n<link rel=\"canonical\" href=\"https:\/\/www.schneemann-berlin.de\/blog\/siersleben-ein-dorf-im-mansfelder-land\/quellen-zur-historie-sierslebens\/1743-siersleben-im-lexikon\/\" \/>\n<meta property=\"og:locale\" content=\"de_DE\" \/>\n<meta property=\"og:type\" content=\"article\" \/>\n<meta property=\"og:title\" content=\"1743 Siersleben im Lexikon - schneeblog\" \/>\n<meta property=\"og:description\" content=\"[&hellip;]\" \/>\n<meta property=\"og:url\" content=\"https:\/\/www.schneemann-berlin.de\/blog\/siersleben-ein-dorf-im-mansfelder-land\/quellen-zur-historie-sierslebens\/1743-siersleben-im-lexikon\/\" \/>\n<meta property=\"og:site_name\" content=\"schneeblog\" \/>\n<meta property=\"article:modified_time\" content=\"2021-06-21T08:57:50+00:00\" \/>\n<meta property=\"og:image\" content=\"https:\/\/www.schneemann-berlin.de\/blog\/wp-content\/uploads\/2016\/03\/1743-universallexikon-bd-37-titel.jpg\" \/>\n<meta name=\"twitter:card\" content=\"summary_large_image\" \/>\n<meta name=\"twitter:label1\" content=\"Gesch\u00e4tzte Lesezeit\" \/>\n\t<meta name=\"twitter:data1\" content=\"2\u00a0Minuten\" \/>\n<script type=\"application\/ld+json\" class=\"yoast-schema-graph\">{\"@context\":\"https:\/\/schema.org\",\"@graph\":[{\"@type\":\"WebPage\",\"@id\":\"https:\/\/www.schneemann-berlin.de\/blog\/siersleben-ein-dorf-im-mansfelder-land\/quellen-zur-historie-sierslebens\/1743-siersleben-im-lexikon\/\",\"url\":\"https:\/\/www.schneemann-berlin.de\/blog\/siersleben-ein-dorf-im-mansfelder-land\/quellen-zur-historie-sierslebens\/1743-siersleben-im-lexikon\/\",\"name\":\"1743 Siersleben im Lexikon - schneeblog\",\"isPartOf\":{\"@id\":\"https:\/\/www.schneemann-berlin.de\/blog\/#website\"},\"datePublished\":\"2016-03-18T12:25:53+00:00\",\"dateModified\":\"2021-06-21T08:57:50+00:00\",\"breadcrumb\":{\"@id\":\"https:\/\/www.schneemann-berlin.de\/blog\/siersleben-ein-dorf-im-mansfelder-land\/quellen-zur-historie-sierslebens\/1743-siersleben-im-lexikon\/#breadcrumb\"},\"inLanguage\":\"de\",\"potentialAction\":[{\"@type\":\"ReadAction\",\"target\":[\"https:\/\/www.schneemann-berlin.de\/blog\/siersleben-ein-dorf-im-mansfelder-land\/quellen-zur-historie-sierslebens\/1743-siersleben-im-lexikon\/\"]}]},{\"@type\":\"BreadcrumbList\",\"@id\":\"https:\/\/www.schneemann-berlin.de\/blog\/siersleben-ein-dorf-im-mansfelder-land\/quellen-zur-historie-sierslebens\/1743-siersleben-im-lexikon\/#breadcrumb\",\"itemListElement\":[{\"@type\":\"ListItem\",\"position\":1,\"name\":\"Startseite\",\"item\":\"https:\/\/www.schneemann-berlin.de\/blog\/\"},{\"@type\":\"ListItem\",\"position\":2,\"name\":\"Siersleben-ein Dorf im Mansfelder Land\",\"item\":\"https:\/\/www.schneemann-berlin.de\/blog\/siersleben-ein-dorf-im-mansfelder-land\/\"},{\"@type\":\"ListItem\",\"position\":3,\"name\":\"Quellen zur Historie Sierslebens\",\"item\":\"https:\/\/www.schneemann-berlin.de\/blog\/siersleben-ein-dorf-im-mansfelder-land\/quellen-zur-historie-sierslebens\/\"},{\"@type\":\"ListItem\",\"position\":4,\"name\":\"1743 Siersleben im Lexikon\"}]},{\"@type\":\"WebSite\",\"@id\":\"https:\/\/www.schneemann-berlin.de\/blog\/#website\",\"url\":\"https:\/\/www.schneemann-berlin.de\/blog\/\",\"name\":\"schneeblog\",\"description\":\"kleingr\u00fcnrotkarierte Republik Deutschland\",\"publisher\":{\"@id\":\"https:\/\/www.schneemann-berlin.de\/blog\/#\/schema\/person\/01899872b7c565f258077670b4160987\"},\"potentialAction\":[{\"@type\":\"SearchAction\",\"target\":{\"@type\":\"EntryPoint\",\"urlTemplate\":\"https:\/\/www.schneemann-berlin.de\/blog\/?s={search_term_string}\"},\"query-input\":\"required name=search_term_string\"}],\"inLanguage\":\"de\"},{\"@type\":[\"Person\",\"Organization\"],\"@id\":\"https:\/\/www.schneemann-berlin.de\/blog\/#\/schema\/person\/01899872b7c565f258077670b4160987\",\"name\":\"schneemann\",\"image\":{\"@type\":\"ImageObject\",\"inLanguage\":\"de\",\"@id\":\"https:\/\/www.schneemann-berlin.de\/blog\/#\/schema\/person\/image\/\",\"url\":\"https:\/\/www.schneemann-berlin.de\/blog\/wp-content\/uploads\/2021\/06\/2012-03-horst-profilbild3.jpg\",\"contentUrl\":\"https:\/\/www.schneemann-berlin.de\/blog\/wp-content\/uploads\/2021\/06\/2012-03-horst-profilbild3.jpg\",\"width\":900,\"height\":900,\"caption\":\"schneemann\"},\"logo\":{\"@id\":\"https:\/\/www.schneemann-berlin.de\/blog\/#\/schema\/person\/image\/\"},\"sameAs\":[\"http:\/\/www.schneemann-berlin.de\",\"https:\/\/www.youtube.com\/horstschneemann\"]}]}<\/script>\n<!-- \/ Yoast SEO plugin. -->","yoast_head_json":{"title":"1743 Siersleben im Lexikon - schneeblog","robots":{"index":"index","follow":"follow","max-snippet":"max-snippet:-1","max-image-preview":"max-image-preview:large","max-video-preview":"max-video-preview:-1"},"canonical":"https:\/\/www.schneemann-berlin.de\/blog\/siersleben-ein-dorf-im-mansfelder-land\/quellen-zur-historie-sierslebens\/1743-siersleben-im-lexikon\/","og_locale":"de_DE","og_type":"article","og_title":"1743 Siersleben im Lexikon - schneeblog","og_description":"[&hellip;]","og_url":"https:\/\/www.schneemann-berlin.de\/blog\/siersleben-ein-dorf-im-mansfelder-land\/quellen-zur-historie-sierslebens\/1743-siersleben-im-lexikon\/","og_site_name":"schneeblog","article_modified_time":"2021-06-21T08:57:50+00:00","og_image":[{"url":"https:\/\/www.schneemann-berlin.de\/blog\/wp-content\/uploads\/2016\/03\/1743-universallexikon-bd-37-titel.jpg"}],"twitter_card":"summary_large_image","twitter_misc":{"Gesch\u00e4tzte Lesezeit":"2\u00a0Minuten"},"schema":{"@context":"https:\/\/schema.org","@graph":[{"@type":"WebPage","@id":"https:\/\/www.schneemann-berlin.de\/blog\/siersleben-ein-dorf-im-mansfelder-land\/quellen-zur-historie-sierslebens\/1743-siersleben-im-lexikon\/","url":"https:\/\/www.schneemann-berlin.de\/blog\/siersleben-ein-dorf-im-mansfelder-land\/quellen-zur-historie-sierslebens\/1743-siersleben-im-lexikon\/","name":"1743 Siersleben im Lexikon - schneeblog","isPartOf":{"@id":"https:\/\/www.schneemann-berlin.de\/blog\/#website"},"datePublished":"2016-03-18T12:25:53+00:00","dateModified":"2021-06-21T08:57:50+00:00","breadcrumb":{"@id":"https:\/\/www.schneemann-berlin.de\/blog\/siersleben-ein-dorf-im-mansfelder-land\/quellen-zur-historie-sierslebens\/1743-siersleben-im-lexikon\/#breadcrumb"},"inLanguage":"de","potentialAction":[{"@type":"ReadAction","target":["https:\/\/www.schneemann-berlin.de\/blog\/siersleben-ein-dorf-im-mansfelder-land\/quellen-zur-historie-sierslebens\/1743-siersleben-im-lexikon\/"]}]},{"@type":"BreadcrumbList","@id":"https:\/\/www.schneemann-berlin.de\/blog\/siersleben-ein-dorf-im-mansfelder-land\/quellen-zur-historie-sierslebens\/1743-siersleben-im-lexikon\/#breadcrumb","itemListElement":[{"@type":"ListItem","position":1,"name":"Startseite","item":"https:\/\/www.schneemann-berlin.de\/blog\/"},{"@type":"ListItem","position":2,"name":"Siersleben-ein Dorf im Mansfelder Land","item":"https:\/\/www.schneemann-berlin.de\/blog\/siersleben-ein-dorf-im-mansfelder-land\/"},{"@type":"ListItem","position":3,"name":"Quellen zur Historie Sierslebens","item":"https:\/\/www.schneemann-berlin.de\/blog\/siersleben-ein-dorf-im-mansfelder-land\/quellen-zur-historie-sierslebens\/"},{"@type":"ListItem","position":4,"name":"1743 Siersleben im Lexikon"}]},{"@type":"WebSite","@id":"https:\/\/www.schneemann-berlin.de\/blog\/#website","url":"https:\/\/www.schneemann-berlin.de\/blog\/","name":"schneeblog","description":"kleingr\u00fcnrotkarierte Republik Deutschland","publisher":{"@id":"https:\/\/www.schneemann-berlin.de\/blog\/#\/schema\/person\/01899872b7c565f258077670b4160987"},"potentialAction":[{"@type":"SearchAction","target":{"@type":"EntryPoint","urlTemplate":"https:\/\/www.schneemann-berlin.de\/blog\/?s={search_term_string}"},"query-input":"required name=search_term_string"}],"inLanguage":"de"},{"@type":["Person","Organization"],"@id":"https:\/\/www.schneemann-berlin.de\/blog\/#\/schema\/person\/01899872b7c565f258077670b4160987","name":"schneemann","image":{"@type":"ImageObject","inLanguage":"de","@id":"https:\/\/www.schneemann-berlin.de\/blog\/#\/schema\/person\/image\/","url":"https:\/\/www.schneemann-berlin.de\/blog\/wp-content\/uploads\/2021\/06\/2012-03-horst-profilbild3.jpg","contentUrl":"https:\/\/www.schneemann-berlin.de\/blog\/wp-content\/uploads\/2021\/06\/2012-03-horst-profilbild3.jpg","width":900,"height":900,"caption":"schneemann"},"logo":{"@id":"https:\/\/www.schneemann-berlin.de\/blog\/#\/schema\/person\/image\/"},"sameAs":["http:\/\/www.schneemann-berlin.de","https:\/\/www.youtube.com\/horstschneemann"]}]}},"_links":{"self":[{"href":"https:\/\/www.schneemann-berlin.de\/blog\/wp-json\/wp\/v2\/pages\/3738","targetHints":{"allow":["GET"]}}],"collection":[{"href":"https:\/\/www.schneemann-berlin.de\/blog\/wp-json\/wp\/v2\/pages"}],"about":[{"href":"https:\/\/www.schneemann-berlin.de\/blog\/wp-json\/wp\/v2\/types\/page"}],"author":[{"embeddable":true,"href":"https:\/\/www.schneemann-berlin.de\/blog\/wp-json\/wp\/v2\/users\/1"}],"replies":[{"embeddable":true,"href":"https:\/\/www.schneemann-berlin.de\/blog\/wp-json\/wp\/v2\/comments?post=3738"}],"version-history":[{"count":7,"href":"https:\/\/www.schneemann-berlin.de\/blog\/wp-json\/wp\/v2\/pages\/3738\/revisions"}],"predecessor-version":[{"id":8015,"href":"https:\/\/www.schneemann-berlin.de\/blog\/wp-json\/wp\/v2\/pages\/3738\/revisions\/8015"}],"up":[{"embeddable":true,"href":"https:\/\/www.schneemann-berlin.de\/blog\/wp-json\/wp\/v2\/pages\/3629"}],"wp:attachment":[{"href":"https:\/\/www.schneemann-berlin.de\/blog\/wp-json\/wp\/v2\/media?parent=3738"}],"curies":[{"name":"wp","href":"https:\/\/api.w.org\/{rel}","templated":true}]}}