{"id":4499,"date":"2016-04-03T10:26:39","date_gmt":"2016-04-03T08:26:39","guid":{"rendered":"http:\/\/www.schneemann-berlin.de\/blog\/?page_id=4499"},"modified":"2023-09-14T08:58:57","modified_gmt":"2023-09-14T06:58:57","slug":"1857-siersleben-und-burgoerner","status":"publish","type":"page","link":"https:\/\/www.schneemann-berlin.de\/blog\/siersleben-ein-dorf-im-mansfelder-land\/quellen-zur-historie-sierslebens\/1857-siersleben-und-burgoerner\/","title":{"rendered":"1857 Siersleben und Burg-Oerner"},"content":{"rendered":"\n<p><a name=\"#TOP\"><\/a><\/p>\n\n\n\n<h3 class=\"wp-block-heading\">Quelle: 1857 Duncker, A.<br>Die l\u00e4ndlichen Wohnsitze, Schl\u00f6sser und Residenzen der ritterschaftlichen Grundbesitzer in der preu\u00dfischen Monarchie: nebst den k\u00f6niglichen Familien\u2011, Haus\u2011, Fideicommis-Schatull-G\u00fctern in naturgetreuen, k\u00fcnstlerisch ausgef\u00fchrten, farbigen Darstellungen; nebst begleitendem Text.<\/h3>\n\n\n\n<div style=\"height:100px\" aria-hidden=\"true\" class=\"wp-block-spacer\"><\/div>\n\n\n\n<div class=\"wp-block-columns is-layout-flex wp-container-core-columns-is-layout-9d6595d7 wp-block-columns-is-layout-flex\">\n<div class=\"wp-block-column is-layout-flow wp-block-column-is-layout-flow\" style=\"flex-basis:33.33%\">\n<figure class=\"wp-block-image size-large\"><a href=\"https:\/\/www.schneemann-berlin.de\/blog\/wp-content\/uploads\/2016\/04\/1857-Burg-Oerner-Bild.jpg\"><img loading=\"lazy\" decoding=\"async\" width=\"525\" height=\"428\" src=\"https:\/\/www.schneemann-berlin.de\/blog\/wp-content\/uploads\/2016\/04\/1857-Burg-Oerner-Bild.jpg\" alt=\"\u00f6lgem\u00e4lde burg \u00f6rner\" class=\"wp-image-4510\" srcset=\"https:\/\/www.schneemann-berlin.de\/blog\/wp-content\/uploads\/2016\/04\/1857-Burg-Oerner-Bild.jpg 525w, https:\/\/www.schneemann-berlin.de\/blog\/wp-content\/uploads\/2016\/04\/1857-Burg-Oerner-Bild-200x163.jpg 200w\" sizes=\"auto, (max-width: 525px) 100vw, 525px\"><\/a><figcaption>\u00d6lge\u00adm\u00e4l\u00adde Burg&nbsp;\u00f6rner<\/figcaption><\/figure>\n<\/div>\n\n\n\n<div class=\"wp-block-column is-layout-flow wp-block-column-is-layout-flow\" style=\"flex-basis:66.66%\">\n<p>Die bei\u00adden ehe\u00adma\u00adli\u00adgen Rit\u00adter\u00adg\u00fc\u00adter Siers\u00adle\u00adben und Burg Oer\u00adner waren seit min\u00addes\u00adtens 1717 mit\u00adein\u00adan\u00adder ver\u00adkn\u00fcpft, in dem Sin\u00adne, da\u00df sie als gemein\u00adsa\u00admes Eigen\u00adtum bis Anfang des 20. Jahr\u00adhun\u00adderts in ver\u00adschie\u00adde\u00adnen H\u00e4n\u00adden waren.<br><br>Auch auf kirch\u00adli\u00adcher Ebe\u00adne gab es Ver\u00adkn\u00fc\u00adpun\u00adgen, so z.B. erteil\u00adten katho\u00adli\u00adsche Pries\u00adter Unter\u00adricht an der Siers\u00adle\u00adber Katho\u00adli\u00adschen Schu\u00adle.<br>Ande\u00adrer\u00adseits war die evan\u00adge\u00adli\u00adsche Kir\u00adche Bur\u00adg\u00f6r\u00adner eine Filia der Thon\u00addor\u00adfer Kir\u00adche St.&nbsp;Georg.<\/p>\n<\/div>\n<\/div>\n\n\n\n<p>Zusam\u00admen\u00adfas\u00adsen\u00adde Dar\u00adstel\u00adlung der Fak\u00adten des Ori\u00ad\u00adgi\u00adnal-Beglei\u00adt\u00ad\u00adtex\u00ad\u00ad\u00adtes neben\u00adste\u00adhen\u00adden Bildes:<\/p>\n\n\n\n<ul class=\"wp-block-list\"><li>Als Lehen des Mans\u00adfel\u00adder Gra\u00adfen <em>Johann Georg III.<\/em> gelang\u00adte Burg Oer\u00adner an den Her\u00adzog zu Sachsen-Wei\u00dfenfels.<\/li><\/ul>\n\n\n\n<ul class=\"wp-block-list\"><li>1717 Kauf durch <em>Edel\u00admann von Pos\u00addadovs\u00adky, Frei\u00adherr von Pos\u00adtel\u00adwitz<\/em>, incl. des&nbsp; Rit\u00adter\u00adgu\u00adtes Siersleben.&nbsp;<\/li><\/ul>\n\n\n\n<ul class=\"wp-block-list\"><li>1740 Pos\u00ada\u00addovs\u00adkys Schwie\u00adger\u00adsohn <em>von Dach\u00ader\u00f6den<\/em> wird Eigen\u00adt\u00fc\u00admer bei\u00adder&nbsp;G\u00fcter.<\/li><\/ul>\n\n\n\n<ul class=\"wp-block-list\"><li> 1745 geht das Eigen\u00adtum auf v. Dach\u00ader\u00f6dens Sohn <em>Carl Fried\u00adrich<\/em> \u00fcber<\/li><\/ul>\n\n\n\n<ul class=\"wp-block-list\"><li>1809 erbt Carl Fried\u00adrichs Toch\u00adter Caro\u00adli\u00adne -<em>Wil\u00adhelm v. Hum\u00adboldts<\/em> Gemah\u00adlin- Siers\u00adle\u00adben und Burg-Oerner.<\/li><\/ul>\n\n\n\n<ul class=\"wp-block-list\"><li>1829 erben bei\u00adder T\u00f6ch\u00adter&nbsp; -<em>Caro\u00adli\u00adne und Adel\u00adheid<\/em>- die&nbsp;G\u00fcter.<\/li><\/ul>\n\n\n\n<ul class=\"wp-block-list\"><li>1837 <em>Caro\u00adli\u00adne<\/em> stirbt; Burg-Oer\u00adner und Siers\u00adle\u00adben gehen an ihre Schwes\u00adter <em>Frau Gene\u00adra\u00adlin Adel\u00adheid von Hede\u00admann<\/em>.<\/li><\/ul>\n\n\n\n<p class=\"has-text-align-center\">_\u200b_\u200b_\u200b_\u200b_\u200b_\u200b_\u200b_\u200b_\u200b_\u200b_\u200b_\u200b_\u200b_\u200b_\u200b_\u200b_\u200b_\u200b_\u200b_\u200b_\u200b_\u200b_\u200b_\u200b_\u200b_\u200b_\u200b_\u200b_\u200b_\u200b_\u200b_\u200b_\u200b_\u200b_\u200b_\u200b_\u200b_\u200b_\u200b_\u200b_\u200b_\u200b_\u200b_\u200b_\u200b_\u200b_\u200b_\u200b_\u200b_\u200b_\u200b_\u200b_\u200b_\u200b_\u200b_\u200b_\u200b_\u200b_\u200b_\u200b<\/p>\n\n\n\n<p class=\"has-text-align-right\"><a href=\"#TOP\">Sei\u00adten\u00adan\u00adfang<\/a><\/p>\n","protected":false},"excerpt":{"rendered":"<p> [\u2026]<\/p>\n","protected":false},"author":1,"featured_media":0,"parent":3629,"menu_order":15,"comment_status":"open","ping_status":"closed","template":"","meta":{"wp_typography_post_enhancements_disabled":false,"ngg_post_thumbnail":0,"footnotes":""},"class_list":["post-4499","page","type-page","status-publish","hentry"],"yoast_head":"<!-- This site is optimized with the Yoast SEO plugin v21.3 - https:\/\/yoast.com\/wordpress\/plugins\/seo\/ -->\n<title>1857 Siersleben und Burg-Oerner - schneeblog<\/title>\n<meta name=\"robots\" content=\"index, follow, max-snippet:-1, max-image-preview:large, max-video-preview:-1\" \/>\n<link rel=\"canonical\" href=\"https:\/\/www.schneemann-berlin.de\/blog\/siersleben-ein-dorf-im-mansfelder-land\/quellen-zur-historie-sierslebens\/1857-siersleben-und-burgoerner\/\" \/>\n<meta property=\"og:locale\" content=\"de_DE\" \/>\n<meta property=\"og:type\" content=\"article\" \/>\n<meta property=\"og:title\" content=\"1857 Siersleben und Burg-Oerner - schneeblog\" \/>\n<meta property=\"og:description\" content=\"[&hellip;]\" \/>\n<meta property=\"og:url\" content=\"https:\/\/www.schneemann-berlin.de\/blog\/siersleben-ein-dorf-im-mansfelder-land\/quellen-zur-historie-sierslebens\/1857-siersleben-und-burgoerner\/\" \/>\n<meta property=\"og:site_name\" content=\"schneeblog\" \/>\n<meta property=\"article:modified_time\" content=\"2023-09-14T06:58:57+00:00\" \/>\n<meta property=\"og:image\" content=\"https:\/\/www.schneemann-berlin.de\/blog\/wp-content\/uploads\/2016\/04\/1857-Burg-Oerner-Bild.jpg\" \/>\n<meta name=\"twitter:card\" content=\"summary_large_image\" \/>\n<meta name=\"twitter:label1\" content=\"Gesch\u00e4tzte Lesezeit\" \/>\n\t<meta name=\"twitter:data1\" content=\"1\u00a0Minute\" \/>\n<script type=\"application\/ld+json\" class=\"yoast-schema-graph\">{\"@context\":\"https:\/\/schema.org\",\"@graph\":[{\"@type\":\"WebPage\",\"@id\":\"https:\/\/www.schneemann-berlin.de\/blog\/siersleben-ein-dorf-im-mansfelder-land\/quellen-zur-historie-sierslebens\/1857-siersleben-und-burgoerner\/\",\"url\":\"https:\/\/www.schneemann-berlin.de\/blog\/siersleben-ein-dorf-im-mansfelder-land\/quellen-zur-historie-sierslebens\/1857-siersleben-und-burgoerner\/\",\"name\":\"1857 Siersleben und Burg-Oerner - schneeblog\",\"isPartOf\":{\"@id\":\"https:\/\/www.schneemann-berlin.de\/blog\/#website\"},\"datePublished\":\"2016-04-03T08:26:39+00:00\",\"dateModified\":\"2023-09-14T06:58:57+00:00\",\"breadcrumb\":{\"@id\":\"https:\/\/www.schneemann-berlin.de\/blog\/siersleben-ein-dorf-im-mansfelder-land\/quellen-zur-historie-sierslebens\/1857-siersleben-und-burgoerner\/#breadcrumb\"},\"inLanguage\":\"de\",\"potentialAction\":[{\"@type\":\"ReadAction\",\"target\":[\"https:\/\/www.schneemann-berlin.de\/blog\/siersleben-ein-dorf-im-mansfelder-land\/quellen-zur-historie-sierslebens\/1857-siersleben-und-burgoerner\/\"]}]},{\"@type\":\"BreadcrumbList\",\"@id\":\"https:\/\/www.schneemann-berlin.de\/blog\/siersleben-ein-dorf-im-mansfelder-land\/quellen-zur-historie-sierslebens\/1857-siersleben-und-burgoerner\/#breadcrumb\",\"itemListElement\":[{\"@type\":\"ListItem\",\"position\":1,\"name\":\"Startseite\",\"item\":\"https:\/\/www.schneemann-berlin.de\/blog\/\"},{\"@type\":\"ListItem\",\"position\":2,\"name\":\"Siersleben-ein Dorf im Mansfelder Land\",\"item\":\"https:\/\/www.schneemann-berlin.de\/blog\/siersleben-ein-dorf-im-mansfelder-land\/\"},{\"@type\":\"ListItem\",\"position\":3,\"name\":\"Quellen zur Historie Sierslebens\",\"item\":\"https:\/\/www.schneemann-berlin.de\/blog\/siersleben-ein-dorf-im-mansfelder-land\/quellen-zur-historie-sierslebens\/\"},{\"@type\":\"ListItem\",\"position\":4,\"name\":\"1857 Siersleben und Burg-Oerner\"}]},{\"@type\":\"WebSite\",\"@id\":\"https:\/\/www.schneemann-berlin.de\/blog\/#website\",\"url\":\"https:\/\/www.schneemann-berlin.de\/blog\/\",\"name\":\"schneeblog\",\"description\":\"kleingr\u00fcnrotkarierte Republik Deutschland\",\"publisher\":{\"@id\":\"https:\/\/www.schneemann-berlin.de\/blog\/#\/schema\/person\/01899872b7c565f258077670b4160987\"},\"potentialAction\":[{\"@type\":\"SearchAction\",\"target\":{\"@type\":\"EntryPoint\",\"urlTemplate\":\"https:\/\/www.schneemann-berlin.de\/blog\/?s={search_term_string}\"},\"query-input\":\"required name=search_term_string\"}],\"inLanguage\":\"de\"},{\"@type\":[\"Person\",\"Organization\"],\"@id\":\"https:\/\/www.schneemann-berlin.de\/blog\/#\/schema\/person\/01899872b7c565f258077670b4160987\",\"name\":\"schneemann\",\"image\":{\"@type\":\"ImageObject\",\"inLanguage\":\"de\",\"@id\":\"https:\/\/www.schneemann-berlin.de\/blog\/#\/schema\/person\/image\/\",\"url\":\"https:\/\/www.schneemann-berlin.de\/blog\/wp-content\/uploads\/2021\/06\/2012-03-horst-profilbild3.jpg\",\"contentUrl\":\"https:\/\/www.schneemann-berlin.de\/blog\/wp-content\/uploads\/2021\/06\/2012-03-horst-profilbild3.jpg\",\"width\":900,\"height\":900,\"caption\":\"schneemann\"},\"logo\":{\"@id\":\"https:\/\/www.schneemann-berlin.de\/blog\/#\/schema\/person\/image\/\"},\"sameAs\":[\"http:\/\/www.schneemann-berlin.de\",\"https:\/\/www.youtube.com\/horstschneemann\"]}]}<\/script>\n<!-- \/ Yoast SEO plugin. -->","yoast_head_json":{"title":"1857 Siersleben und Burg-Oerner - schneeblog","robots":{"index":"index","follow":"follow","max-snippet":"max-snippet:-1","max-image-preview":"max-image-preview:large","max-video-preview":"max-video-preview:-1"},"canonical":"https:\/\/www.schneemann-berlin.de\/blog\/siersleben-ein-dorf-im-mansfelder-land\/quellen-zur-historie-sierslebens\/1857-siersleben-und-burgoerner\/","og_locale":"de_DE","og_type":"article","og_title":"1857 Siersleben und Burg-Oerner - schneeblog","og_description":"[&hellip;]","og_url":"https:\/\/www.schneemann-berlin.de\/blog\/siersleben-ein-dorf-im-mansfelder-land\/quellen-zur-historie-sierslebens\/1857-siersleben-und-burgoerner\/","og_site_name":"schneeblog","article_modified_time":"2023-09-14T06:58:57+00:00","og_image":[{"url":"https:\/\/www.schneemann-berlin.de\/blog\/wp-content\/uploads\/2016\/04\/1857-Burg-Oerner-Bild.jpg"}],"twitter_card":"summary_large_image","twitter_misc":{"Gesch\u00e4tzte Lesezeit":"1\u00a0Minute"},"schema":{"@context":"https:\/\/schema.org","@graph":[{"@type":"WebPage","@id":"https:\/\/www.schneemann-berlin.de\/blog\/siersleben-ein-dorf-im-mansfelder-land\/quellen-zur-historie-sierslebens\/1857-siersleben-und-burgoerner\/","url":"https:\/\/www.schneemann-berlin.de\/blog\/siersleben-ein-dorf-im-mansfelder-land\/quellen-zur-historie-sierslebens\/1857-siersleben-und-burgoerner\/","name":"1857 Siersleben und Burg-Oerner - schneeblog","isPartOf":{"@id":"https:\/\/www.schneemann-berlin.de\/blog\/#website"},"datePublished":"2016-04-03T08:26:39+00:00","dateModified":"2023-09-14T06:58:57+00:00","breadcrumb":{"@id":"https:\/\/www.schneemann-berlin.de\/blog\/siersleben-ein-dorf-im-mansfelder-land\/quellen-zur-historie-sierslebens\/1857-siersleben-und-burgoerner\/#breadcrumb"},"inLanguage":"de","potentialAction":[{"@type":"ReadAction","target":["https:\/\/www.schneemann-berlin.de\/blog\/siersleben-ein-dorf-im-mansfelder-land\/quellen-zur-historie-sierslebens\/1857-siersleben-und-burgoerner\/"]}]},{"@type":"BreadcrumbList","@id":"https:\/\/www.schneemann-berlin.de\/blog\/siersleben-ein-dorf-im-mansfelder-land\/quellen-zur-historie-sierslebens\/1857-siersleben-und-burgoerner\/#breadcrumb","itemListElement":[{"@type":"ListItem","position":1,"name":"Startseite","item":"https:\/\/www.schneemann-berlin.de\/blog\/"},{"@type":"ListItem","position":2,"name":"Siersleben-ein Dorf im Mansfelder Land","item":"https:\/\/www.schneemann-berlin.de\/blog\/siersleben-ein-dorf-im-mansfelder-land\/"},{"@type":"ListItem","position":3,"name":"Quellen zur Historie Sierslebens","item":"https:\/\/www.schneemann-berlin.de\/blog\/siersleben-ein-dorf-im-mansfelder-land\/quellen-zur-historie-sierslebens\/"},{"@type":"ListItem","position":4,"name":"1857 Siersleben und Burg-Oerner"}]},{"@type":"WebSite","@id":"https:\/\/www.schneemann-berlin.de\/blog\/#website","url":"https:\/\/www.schneemann-berlin.de\/blog\/","name":"schneeblog","description":"kleingr\u00fcnrotkarierte Republik Deutschland","publisher":{"@id":"https:\/\/www.schneemann-berlin.de\/blog\/#\/schema\/person\/01899872b7c565f258077670b4160987"},"potentialAction":[{"@type":"SearchAction","target":{"@type":"EntryPoint","urlTemplate":"https:\/\/www.schneemann-berlin.de\/blog\/?s={search_term_string}"},"query-input":"required name=search_term_string"}],"inLanguage":"de"},{"@type":["Person","Organization"],"@id":"https:\/\/www.schneemann-berlin.de\/blog\/#\/schema\/person\/01899872b7c565f258077670b4160987","name":"schneemann","image":{"@type":"ImageObject","inLanguage":"de","@id":"https:\/\/www.schneemann-berlin.de\/blog\/#\/schema\/person\/image\/","url":"https:\/\/www.schneemann-berlin.de\/blog\/wp-content\/uploads\/2021\/06\/2012-03-horst-profilbild3.jpg","contentUrl":"https:\/\/www.schneemann-berlin.de\/blog\/wp-content\/uploads\/2021\/06\/2012-03-horst-profilbild3.jpg","width":900,"height":900,"caption":"schneemann"},"logo":{"@id":"https:\/\/www.schneemann-berlin.de\/blog\/#\/schema\/person\/image\/"},"sameAs":["http:\/\/www.schneemann-berlin.de","https:\/\/www.youtube.com\/horstschneemann"]}]}},"_links":{"self":[{"href":"https:\/\/www.schneemann-berlin.de\/blog\/wp-json\/wp\/v2\/pages\/4499","targetHints":{"allow":["GET"]}}],"collection":[{"href":"https:\/\/www.schneemann-berlin.de\/blog\/wp-json\/wp\/v2\/pages"}],"about":[{"href":"https:\/\/www.schneemann-berlin.de\/blog\/wp-json\/wp\/v2\/types\/page"}],"author":[{"embeddable":true,"href":"https:\/\/www.schneemann-berlin.de\/blog\/wp-json\/wp\/v2\/users\/1"}],"replies":[{"embeddable":true,"href":"https:\/\/www.schneemann-berlin.de\/blog\/wp-json\/wp\/v2\/comments?post=4499"}],"version-history":[{"count":1,"href":"https:\/\/www.schneemann-berlin.de\/blog\/wp-json\/wp\/v2\/pages\/4499\/revisions"}],"predecessor-version":[{"id":8112,"href":"https:\/\/www.schneemann-berlin.de\/blog\/wp-json\/wp\/v2\/pages\/4499\/revisions\/8112"}],"up":[{"embeddable":true,"href":"https:\/\/www.schneemann-berlin.de\/blog\/wp-json\/wp\/v2\/pages\/3629"}],"wp:attachment":[{"href":"https:\/\/www.schneemann-berlin.de\/blog\/wp-json\/wp\/v2\/media?parent=4499"}],"curies":[{"name":"wp","href":"https:\/\/api.w.org\/{rel}","templated":true}]}}