{"id":4902,"date":"2016-05-03T19:28:23","date_gmt":"2016-05-03T17:28:23","guid":{"rendered":"http:\/\/www.schneemann-berlin.de\/blog\/?page_id=4902"},"modified":"2021-05-27T13:51:27","modified_gmt":"2021-05-27T11:51:27","slug":"1793-mansfeld-im-kurfuerstentum-sachsen","status":"publish","type":"page","link":"https:\/\/www.schneemann-berlin.de\/blog\/siersleben-ein-dorf-im-mansfelder-land\/quellen-zur-historie-sierslebens\/1793-mansfeld-im-kurfuerstentum-sachsen\/","title":{"rendered":"1793 Mansfeld im Kurf\u00fcrstentum Sachsen"},"content":{"rendered":"\n<h3 class=\"wp-block-heading\">Quelle: 1793 Fabri, J. E.<br>Geographie f\u00fcr alle St\u00e4nde. Ersten Theils, vierter Band welcher die Fortsetzung und den Beschlu\u00df vom obers\u00e4chsischen Kreise enth\u00e4lt.<\/h3>\n\n\n\n<div style=\"height:100px\" aria-hidden=\"true\" class=\"wp-block-spacer\"><\/div>\n\n\n\n<p class=\"has-text-align-center\">In Arbeit<\/p>\n","protected":false},"excerpt":{"rendered":"<p> [\u2026]<\/p>\n","protected":false},"author":1,"featured_media":0,"parent":3629,"menu_order":10,"comment_status":"open","ping_status":"closed","template":"","meta":{"wp_typography_post_enhancements_disabled":false,"ngg_post_thumbnail":0,"footnotes":""},"class_list":["post-4902","page","type-page","status-publish","hentry"],"yoast_head":"<!-- This site is optimized with the Yoast SEO plugin v21.3 - https:\/\/yoast.com\/wordpress\/plugins\/seo\/ -->\n<title>1793 Mansfeld im Kurf\u00fcrstentum Sachsen - schneeblog<\/title>\n<meta name=\"robots\" content=\"index, follow, max-snippet:-1, max-image-preview:large, max-video-preview:-1\" \/>\n<link rel=\"canonical\" href=\"https:\/\/www.schneemann-berlin.de\/blog\/siersleben-ein-dorf-im-mansfelder-land\/quellen-zur-historie-sierslebens\/1793-mansfeld-im-kurfuerstentum-sachsen\/\" \/>\n<meta property=\"og:locale\" content=\"de_DE\" \/>\n<meta property=\"og:type\" content=\"article\" \/>\n<meta property=\"og:title\" content=\"1793 Mansfeld im Kurf\u00fcrstentum Sachsen - schneeblog\" \/>\n<meta property=\"og:description\" content=\"[&hellip;]\" \/>\n<meta property=\"og:url\" content=\"https:\/\/www.schneemann-berlin.de\/blog\/siersleben-ein-dorf-im-mansfelder-land\/quellen-zur-historie-sierslebens\/1793-mansfeld-im-kurfuerstentum-sachsen\/\" \/>\n<meta property=\"og:site_name\" content=\"schneeblog\" \/>\n<meta property=\"article:modified_time\" content=\"2021-05-27T11:51:27+00:00\" \/>\n<meta name=\"twitter:card\" content=\"summary_large_image\" \/>\n<script type=\"application\/ld+json\" class=\"yoast-schema-graph\">{\"@context\":\"https:\/\/schema.org\",\"@graph\":[{\"@type\":\"WebPage\",\"@id\":\"https:\/\/www.schneemann-berlin.de\/blog\/siersleben-ein-dorf-im-mansfelder-land\/quellen-zur-historie-sierslebens\/1793-mansfeld-im-kurfuerstentum-sachsen\/\",\"url\":\"https:\/\/www.schneemann-berlin.de\/blog\/siersleben-ein-dorf-im-mansfelder-land\/quellen-zur-historie-sierslebens\/1793-mansfeld-im-kurfuerstentum-sachsen\/\",\"name\":\"1793 Mansfeld im Kurf\u00fcrstentum Sachsen - schneeblog\",\"isPartOf\":{\"@id\":\"https:\/\/www.schneemann-berlin.de\/blog\/#website\"},\"datePublished\":\"2016-05-03T17:28:23+00:00\",\"dateModified\":\"2021-05-27T11:51:27+00:00\",\"breadcrumb\":{\"@id\":\"https:\/\/www.schneemann-berlin.de\/blog\/siersleben-ein-dorf-im-mansfelder-land\/quellen-zur-historie-sierslebens\/1793-mansfeld-im-kurfuerstentum-sachsen\/#breadcrumb\"},\"inLanguage\":\"de\",\"potentialAction\":[{\"@type\":\"ReadAction\",\"target\":[\"https:\/\/www.schneemann-berlin.de\/blog\/siersleben-ein-dorf-im-mansfelder-land\/quellen-zur-historie-sierslebens\/1793-mansfeld-im-kurfuerstentum-sachsen\/\"]}]},{\"@type\":\"BreadcrumbList\",\"@id\":\"https:\/\/www.schneemann-berlin.de\/blog\/siersleben-ein-dorf-im-mansfelder-land\/quellen-zur-historie-sierslebens\/1793-mansfeld-im-kurfuerstentum-sachsen\/#breadcrumb\",\"itemListElement\":[{\"@type\":\"ListItem\",\"position\":1,\"name\":\"Startseite\",\"item\":\"https:\/\/www.schneemann-berlin.de\/blog\/\"},{\"@type\":\"ListItem\",\"position\":2,\"name\":\"Siersleben-ein Dorf im Mansfelder Land\",\"item\":\"https:\/\/www.schneemann-berlin.de\/blog\/siersleben-ein-dorf-im-mansfelder-land\/\"},{\"@type\":\"ListItem\",\"position\":3,\"name\":\"Quellen zur Historie Sierslebens\",\"item\":\"https:\/\/www.schneemann-berlin.de\/blog\/siersleben-ein-dorf-im-mansfelder-land\/quellen-zur-historie-sierslebens\/\"},{\"@type\":\"ListItem\",\"position\":4,\"name\":\"1793 Mansfeld im Kurf\u00fcrstentum Sachsen\"}]},{\"@type\":\"WebSite\",\"@id\":\"https:\/\/www.schneemann-berlin.de\/blog\/#website\",\"url\":\"https:\/\/www.schneemann-berlin.de\/blog\/\",\"name\":\"schneeblog\",\"description\":\"kleingr\u00fcnrotkarierte Republik Deutschland\",\"publisher\":{\"@id\":\"https:\/\/www.schneemann-berlin.de\/blog\/#\/schema\/person\/01899872b7c565f258077670b4160987\"},\"potentialAction\":[{\"@type\":\"SearchAction\",\"target\":{\"@type\":\"EntryPoint\",\"urlTemplate\":\"https:\/\/www.schneemann-berlin.de\/blog\/?s={search_term_string}\"},\"query-input\":\"required name=search_term_string\"}],\"inLanguage\":\"de\"},{\"@type\":[\"Person\",\"Organization\"],\"@id\":\"https:\/\/www.schneemann-berlin.de\/blog\/#\/schema\/person\/01899872b7c565f258077670b4160987\",\"name\":\"schneemann\",\"image\":{\"@type\":\"ImageObject\",\"inLanguage\":\"de\",\"@id\":\"https:\/\/www.schneemann-berlin.de\/blog\/#\/schema\/person\/image\/\",\"url\":\"https:\/\/www.schneemann-berlin.de\/blog\/wp-content\/uploads\/2021\/06\/2012-03-horst-profilbild3.jpg\",\"contentUrl\":\"https:\/\/www.schneemann-berlin.de\/blog\/wp-content\/uploads\/2021\/06\/2012-03-horst-profilbild3.jpg\",\"width\":900,\"height\":900,\"caption\":\"schneemann\"},\"logo\":{\"@id\":\"https:\/\/www.schneemann-berlin.de\/blog\/#\/schema\/person\/image\/\"},\"sameAs\":[\"http:\/\/www.schneemann-berlin.de\",\"https:\/\/www.youtube.com\/horstschneemann\"]}]}<\/script>\n<!-- \/ Yoast SEO plugin. -->","yoast_head_json":{"title":"1793 Mansfeld im Kurf\u00fcrstentum Sachsen - schneeblog","robots":{"index":"index","follow":"follow","max-snippet":"max-snippet:-1","max-image-preview":"max-image-preview:large","max-video-preview":"max-video-preview:-1"},"canonical":"https:\/\/www.schneemann-berlin.de\/blog\/siersleben-ein-dorf-im-mansfelder-land\/quellen-zur-historie-sierslebens\/1793-mansfeld-im-kurfuerstentum-sachsen\/","og_locale":"de_DE","og_type":"article","og_title":"1793 Mansfeld im Kurf\u00fcrstentum Sachsen - schneeblog","og_description":"[&hellip;]","og_url":"https:\/\/www.schneemann-berlin.de\/blog\/siersleben-ein-dorf-im-mansfelder-land\/quellen-zur-historie-sierslebens\/1793-mansfeld-im-kurfuerstentum-sachsen\/","og_site_name":"schneeblog","article_modified_time":"2021-05-27T11:51:27+00:00","twitter_card":"summary_large_image","schema":{"@context":"https:\/\/schema.org","@graph":[{"@type":"WebPage","@id":"https:\/\/www.schneemann-berlin.de\/blog\/siersleben-ein-dorf-im-mansfelder-land\/quellen-zur-historie-sierslebens\/1793-mansfeld-im-kurfuerstentum-sachsen\/","url":"https:\/\/www.schneemann-berlin.de\/blog\/siersleben-ein-dorf-im-mansfelder-land\/quellen-zur-historie-sierslebens\/1793-mansfeld-im-kurfuerstentum-sachsen\/","name":"1793 Mansfeld im Kurf\u00fcrstentum Sachsen - schneeblog","isPartOf":{"@id":"https:\/\/www.schneemann-berlin.de\/blog\/#website"},"datePublished":"2016-05-03T17:28:23+00:00","dateModified":"2021-05-27T11:51:27+00:00","breadcrumb":{"@id":"https:\/\/www.schneemann-berlin.de\/blog\/siersleben-ein-dorf-im-mansfelder-land\/quellen-zur-historie-sierslebens\/1793-mansfeld-im-kurfuerstentum-sachsen\/#breadcrumb"},"inLanguage":"de","potentialAction":[{"@type":"ReadAction","target":["https:\/\/www.schneemann-berlin.de\/blog\/siersleben-ein-dorf-im-mansfelder-land\/quellen-zur-historie-sierslebens\/1793-mansfeld-im-kurfuerstentum-sachsen\/"]}]},{"@type":"BreadcrumbList","@id":"https:\/\/www.schneemann-berlin.de\/blog\/siersleben-ein-dorf-im-mansfelder-land\/quellen-zur-historie-sierslebens\/1793-mansfeld-im-kurfuerstentum-sachsen\/#breadcrumb","itemListElement":[{"@type":"ListItem","position":1,"name":"Startseite","item":"https:\/\/www.schneemann-berlin.de\/blog\/"},{"@type":"ListItem","position":2,"name":"Siersleben-ein Dorf im Mansfelder Land","item":"https:\/\/www.schneemann-berlin.de\/blog\/siersleben-ein-dorf-im-mansfelder-land\/"},{"@type":"ListItem","position":3,"name":"Quellen zur Historie Sierslebens","item":"https:\/\/www.schneemann-berlin.de\/blog\/siersleben-ein-dorf-im-mansfelder-land\/quellen-zur-historie-sierslebens\/"},{"@type":"ListItem","position":4,"name":"1793 Mansfeld im Kurf\u00fcrstentum Sachsen"}]},{"@type":"WebSite","@id":"https:\/\/www.schneemann-berlin.de\/blog\/#website","url":"https:\/\/www.schneemann-berlin.de\/blog\/","name":"schneeblog","description":"kleingr\u00fcnrotkarierte Republik Deutschland","publisher":{"@id":"https:\/\/www.schneemann-berlin.de\/blog\/#\/schema\/person\/01899872b7c565f258077670b4160987"},"potentialAction":[{"@type":"SearchAction","target":{"@type":"EntryPoint","urlTemplate":"https:\/\/www.schneemann-berlin.de\/blog\/?s={search_term_string}"},"query-input":"required name=search_term_string"}],"inLanguage":"de"},{"@type":["Person","Organization"],"@id":"https:\/\/www.schneemann-berlin.de\/blog\/#\/schema\/person\/01899872b7c565f258077670b4160987","name":"schneemann","image":{"@type":"ImageObject","inLanguage":"de","@id":"https:\/\/www.schneemann-berlin.de\/blog\/#\/schema\/person\/image\/","url":"https:\/\/www.schneemann-berlin.de\/blog\/wp-content\/uploads\/2021\/06\/2012-03-horst-profilbild3.jpg","contentUrl":"https:\/\/www.schneemann-berlin.de\/blog\/wp-content\/uploads\/2021\/06\/2012-03-horst-profilbild3.jpg","width":900,"height":900,"caption":"schneemann"},"logo":{"@id":"https:\/\/www.schneemann-berlin.de\/blog\/#\/schema\/person\/image\/"},"sameAs":["http:\/\/www.schneemann-berlin.de","https:\/\/www.youtube.com\/horstschneemann"]}]}},"_links":{"self":[{"href":"https:\/\/www.schneemann-berlin.de\/blog\/wp-json\/wp\/v2\/pages\/4902","targetHints":{"allow":["GET"]}}],"collection":[{"href":"https:\/\/www.schneemann-berlin.de\/blog\/wp-json\/wp\/v2\/pages"}],"about":[{"href":"https:\/\/www.schneemann-berlin.de\/blog\/wp-json\/wp\/v2\/types\/page"}],"author":[{"embeddable":true,"href":"https:\/\/www.schneemann-berlin.de\/blog\/wp-json\/wp\/v2\/users\/1"}],"replies":[{"embeddable":true,"href":"https:\/\/www.schneemann-berlin.de\/blog\/wp-json\/wp\/v2\/comments?post=4902"}],"version-history":[{"count":0,"href":"https:\/\/www.schneemann-berlin.de\/blog\/wp-json\/wp\/v2\/pages\/4902\/revisions"}],"up":[{"embeddable":true,"href":"https:\/\/www.schneemann-berlin.de\/blog\/wp-json\/wp\/v2\/pages\/3629"}],"wp:attachment":[{"href":"https:\/\/www.schneemann-berlin.de\/blog\/wp-json\/wp\/v2\/media?parent=4902"}],"curies":[{"name":"wp","href":"https:\/\/api.w.org\/{rel}","templated":true}]}}