{"id":6293,"date":"2021-05-06T09:57:24","date_gmt":"2021-05-06T07:57:24","guid":{"rendered":"https:\/\/www.schneemann-berlin.de\/blog\/?page_id=6293"},"modified":"2023-09-14T08:56:31","modified_gmt":"2023-09-14T06:56:31","slug":"1763-merkwuerdigkeiten-unterharz","status":"publish","type":"page","link":"https:\/\/www.schneemann-berlin.de\/blog\/siersleben-ein-dorf-im-mansfelder-land\/quellen-zur-historie-sierslebens\/1763-merkwuerdigkeiten-unterharz\/","title":{"rendered":"1736 Merkw\u00fcrdigkeiten des Unterharzes"},"content":{"rendered":"\n<h3 class=\"wp-block-heading\">Quelle: 1736 Rohr, Julius Bernhard von<br>Geographische und Historische Merckw\u00fcrdigkeiten des Vor- oder Unterhartzes welche von denen F\u00fcrstenth\u00fcmern Blanckenburg und Hartzgerode, dem Stift Quedlinburg , den Grafschafften Mansfeld, Stollberg und anderen Stedten, Flecken, \u2026 usw.&nbsp;usw.<\/h3>\n\n\n\n<div style=\"height:100px\" aria-hidden=\"true\" class=\"wp-block-spacer\"><\/div>\n\n\n\n<div class=\"wp-block-columns is-layout-flex wp-container-core-columns-is-layout-9d6595d7 wp-block-columns-is-layout-flex\">\n<div class=\"wp-block-column is-layout-flow wp-block-column-is-layout-flow\" style=\"flex-basis:66.66%\">\n<p>Der Autor <em>von Rohr<\/em> leuch\u00adtet in sei\u00adnem Werk, im Kapi\u00adtel <em>Die Sie\u00adben\u00adde Abt\u00adhei\u00adlung. Von der Graff\u00adschafft Mans\u00adfeld unter ande\u00adrem <\/em>hin\u00adter die Kulis\u00adsen der Mans\u00adfel\u00adder Gra\u00adfen und wie sie mit ihrer Streit- und Tei\u00adlungs\u00adsucht letzt\u00adend\u00adlich die gan\u00adze Graf\u00adschaft rui\u00adnier\u00adten.<br><br>Im 13. bis 15. Jahr\u00adhun\u00addert aller\u00addings \u00bb<em>haben sie ihre Lan\u00adde durch man\u00adcher\u00adley Kauf- und Tausch-Con\u00adtrac\u00adte, durch Ver\u00adheyra\u00adt\u00adhun\u00adgen und auf ande\u00adre Wege merck\u00adlich ver\u00admeh\u00adret<\/em>\u00ab. Als Beweis z\u00e4hlt von Rohr u.a. jede Men\u00adge Schl\u00f6s\u00adser und Bur\u00adgen auf: Eis\u00adle\u00adben, Mans\u00adfeld, Leim\u00adbach, Schra\u00adplau, Born\u00adstedt, Arn\u00adstein, Ram\u00admel\u00adburg, Quer\u00adfurt, Hel\u00add\u00adrun\u00adgen, Wet\u00adtin, Rosen\u00adburg, See\u00adburg \u2026 <br><br>Durch die\u00adsen Reich\u00adtum gelang\u00adten die Mans\u00adfel\u00adder auch in geho\u00adbe\u00adne Posi\u00adtio\u00adnen. Rohr erw\u00e4hnt als Bei\u00adspiel Graf <em>Ruper\u00adtus von Mans\u00adfeld<\/em>, der 1262 Erz\u00adbi\u00adschof zu Mag\u00adde\u00adburg war und in die\u00adser Eigen\u00adschaft \u00bb<em>sechs und eine hal\u00adbe Hufe Lan\u00addes zu Siers\u00adle\u00adben<\/em>\u00ab dem Klos\u00adter Mari\u00aden\u00adborn \u00fcber\u00adeig\u00adne\u00adte. Die\u00adses Zitat beinhal\u00adtet das unte\u00adre&nbsp;Bild.<\/p>\n\n\n\n<div class=\"wp-block-image\"><figure class=\"alignleft size-large\"><a href=\"https:\/\/www.schneemann-berlin.de\/blog\/wp-content\/uploads\/2016\/03\/1736-rohr-S464.jpg\"><img loading=\"lazy\" decoding=\"async\" width=\"788\" height=\"595\" src=\"https:\/\/www.schneemann-berlin.de\/blog\/wp-content\/uploads\/2016\/03\/1736-rohr-S464.jpg\" alt class=\"wp-image-7776\" srcset=\"https:\/\/www.schneemann-berlin.de\/blog\/wp-content\/uploads\/2016\/03\/1736-rohr-S464.jpg 788w, https:\/\/www.schneemann-berlin.de\/blog\/wp-content\/uploads\/2016\/03\/1736-rohr-S464-300x227.jpg 300w, https:\/\/www.schneemann-berlin.de\/blog\/wp-content\/uploads\/2016\/03\/1736-rohr-S464-106x80.jpg 106w\" sizes=\"auto, (max-width: 788px) 100vw, 788px\"><\/a><figcaption>Aus\u00adzug aus dem Kapi\u00adtel \u00bbVon der Graf\u00adschaft Mans\u00adfeld\u00ab S.464<\/figcaption><\/figure><\/div>\n<\/div>\n\n\n\n<div class=\"wp-block-column is-layout-flow wp-block-column-is-layout-flow\" style=\"flex-basis:33.33%\">\n<div class=\"wp-block-image\"><figure class=\"alignright size-large\"><a href=\"https:\/\/www.schneemann-berlin.de\/blog\/wp-content\/uploads\/2016\/03\/1736-rohr-titel-merkw\u00fcrdigk.jpg\"><img loading=\"lazy\" decoding=\"async\" width=\"382\" height=\"545\" src=\"https:\/\/www.schneemann-berlin.de\/blog\/wp-content\/uploads\/2016\/03\/1736-rohr-titel-merkw\u00fcrdigk.jpg\" alt=\"1736-von-rohr-titel-merkw\u00fcrdigkeiten-unterharz\" class=\"wp-image-7777\" srcset=\"https:\/\/www.schneemann-berlin.de\/blog\/wp-content\/uploads\/2016\/03\/1736-rohr-titel-merkw\u00fcrdigk.jpg 382w, https:\/\/www.schneemann-berlin.de\/blog\/wp-content\/uploads\/2016\/03\/1736-rohr-titel-merkw\u00fcrdigk-280x400.jpg 280w, https:\/\/www.schneemann-berlin.de\/blog\/wp-content\/uploads\/2016\/03\/1736-rohr-titel-merkw\u00fcrdigk-56x80.jpg 56w\" sizes=\"auto, (max-width: 382px) 100vw, 382px\"><\/a><figcaption>1736 Titel\u00adblatt<\/figcaption><\/figure><\/div>\n\n\n\n<p class=\"has-text-align-right\"><br><a href=\"http:\/\/www.deutsche-biographie.de\/sfz76812.html\" target=\"_blank\" rel=\"noreferrer noopener\">Mehr Infor\u00adma\u00adtio\u00adnen<\/a> zu <em>Juli\u00adus Bern\u00adhard v.&nbsp;Rohr<\/em><\/p>\n<\/div>\n<\/div>\n\n\n\n<div class=\"wp-block-columns is-layout-flex wp-container-core-columns-is-layout-9d6595d7 wp-block-columns-is-layout-flex\">\n<div class=\"wp-block-column is-vertically-aligned-bottom is-layout-flow wp-block-column-is-layout-flow\" style=\"flex-basis:66.66%\">\n<p><\/p>\n<\/div>\n<\/div>\n\n\n\n<div class=\"wp-block-columns are-vertically-aligned-bottom is-layout-flex wp-container-core-columns-is-layout-9d6595d7 wp-block-columns-is-layout-flex\">\n<div class=\"wp-block-column is-vertically-aligned-bottom is-layout-flow wp-block-column-is-layout-flow\"><\/div>\n<\/div>\n","protected":false},"excerpt":{"rendered":"<p> [\u2026]<\/p>\n","protected":false},"author":1,"featured_media":0,"parent":3629,"menu_order":3,"comment_status":"open","ping_status":"closed","template":"","meta":{"wp_typography_post_enhancements_disabled":false,"ngg_post_thumbnail":0,"footnotes":""},"class_list":["post-6293","page","type-page","status-publish","hentry"],"yoast_head":"<!-- This site is optimized with the Yoast SEO plugin v21.3 - https:\/\/yoast.com\/wordpress\/plugins\/seo\/ -->\n<title>1736 Merkw\u00fcrdigkeiten des Unterharzes - schneeblog<\/title>\n<meta name=\"robots\" content=\"index, follow, max-snippet:-1, max-image-preview:large, max-video-preview:-1\" \/>\n<link rel=\"canonical\" href=\"https:\/\/www.schneemann-berlin.de\/blog\/siersleben-ein-dorf-im-mansfelder-land\/quellen-zur-historie-sierslebens\/1763-merkwuerdigkeiten-unterharz\/\" \/>\n<meta property=\"og:locale\" content=\"de_DE\" \/>\n<meta property=\"og:type\" content=\"article\" \/>\n<meta property=\"og:title\" content=\"1736 Merkw\u00fcrdigkeiten des Unterharzes - schneeblog\" \/>\n<meta property=\"og:description\" content=\"[&hellip;]\" \/>\n<meta property=\"og:url\" content=\"https:\/\/www.schneemann-berlin.de\/blog\/siersleben-ein-dorf-im-mansfelder-land\/quellen-zur-historie-sierslebens\/1763-merkwuerdigkeiten-unterharz\/\" \/>\n<meta property=\"og:site_name\" content=\"schneeblog\" \/>\n<meta property=\"article:modified_time\" content=\"2023-09-14T06:56:31+00:00\" \/>\n<meta property=\"og:image\" content=\"https:\/\/www.schneemann-berlin.de\/blog\/wp-content\/uploads\/2016\/03\/1736-rohr-S464.jpg\" \/>\n<meta name=\"twitter:card\" content=\"summary_large_image\" \/>\n<meta name=\"twitter:label1\" content=\"Gesch\u00e4tzte Lesezeit\" \/>\n\t<meta name=\"twitter:data1\" content=\"1\u00a0Minute\" \/>\n<script type=\"application\/ld+json\" class=\"yoast-schema-graph\">{\"@context\":\"https:\/\/schema.org\",\"@graph\":[{\"@type\":\"WebPage\",\"@id\":\"https:\/\/www.schneemann-berlin.de\/blog\/siersleben-ein-dorf-im-mansfelder-land\/quellen-zur-historie-sierslebens\/1763-merkwuerdigkeiten-unterharz\/\",\"url\":\"https:\/\/www.schneemann-berlin.de\/blog\/siersleben-ein-dorf-im-mansfelder-land\/quellen-zur-historie-sierslebens\/1763-merkwuerdigkeiten-unterharz\/\",\"name\":\"1736 Merkw\u00fcrdigkeiten des Unterharzes - schneeblog\",\"isPartOf\":{\"@id\":\"https:\/\/www.schneemann-berlin.de\/blog\/#website\"},\"datePublished\":\"2021-05-06T07:57:24+00:00\",\"dateModified\":\"2023-09-14T06:56:31+00:00\",\"breadcrumb\":{\"@id\":\"https:\/\/www.schneemann-berlin.de\/blog\/siersleben-ein-dorf-im-mansfelder-land\/quellen-zur-historie-sierslebens\/1763-merkwuerdigkeiten-unterharz\/#breadcrumb\"},\"inLanguage\":\"de\",\"potentialAction\":[{\"@type\":\"ReadAction\",\"target\":[\"https:\/\/www.schneemann-berlin.de\/blog\/siersleben-ein-dorf-im-mansfelder-land\/quellen-zur-historie-sierslebens\/1763-merkwuerdigkeiten-unterharz\/\"]}]},{\"@type\":\"BreadcrumbList\",\"@id\":\"https:\/\/www.schneemann-berlin.de\/blog\/siersleben-ein-dorf-im-mansfelder-land\/quellen-zur-historie-sierslebens\/1763-merkwuerdigkeiten-unterharz\/#breadcrumb\",\"itemListElement\":[{\"@type\":\"ListItem\",\"position\":1,\"name\":\"Startseite\",\"item\":\"https:\/\/www.schneemann-berlin.de\/blog\/\"},{\"@type\":\"ListItem\",\"position\":2,\"name\":\"Siersleben-ein Dorf im Mansfelder Land\",\"item\":\"https:\/\/www.schneemann-berlin.de\/blog\/siersleben-ein-dorf-im-mansfelder-land\/\"},{\"@type\":\"ListItem\",\"position\":3,\"name\":\"Quellen zur Historie Sierslebens\",\"item\":\"https:\/\/www.schneemann-berlin.de\/blog\/siersleben-ein-dorf-im-mansfelder-land\/quellen-zur-historie-sierslebens\/\"},{\"@type\":\"ListItem\",\"position\":4,\"name\":\"1736 Merkw\u00fcrdigkeiten des Unterharzes\"}]},{\"@type\":\"WebSite\",\"@id\":\"https:\/\/www.schneemann-berlin.de\/blog\/#website\",\"url\":\"https:\/\/www.schneemann-berlin.de\/blog\/\",\"name\":\"schneeblog\",\"description\":\"kleingr\u00fcnrotkarierte Republik Deutschland\",\"publisher\":{\"@id\":\"https:\/\/www.schneemann-berlin.de\/blog\/#\/schema\/person\/01899872b7c565f258077670b4160987\"},\"potentialAction\":[{\"@type\":\"SearchAction\",\"target\":{\"@type\":\"EntryPoint\",\"urlTemplate\":\"https:\/\/www.schneemann-berlin.de\/blog\/?s={search_term_string}\"},\"query-input\":\"required name=search_term_string\"}],\"inLanguage\":\"de\"},{\"@type\":[\"Person\",\"Organization\"],\"@id\":\"https:\/\/www.schneemann-berlin.de\/blog\/#\/schema\/person\/01899872b7c565f258077670b4160987\",\"name\":\"schneemann\",\"image\":{\"@type\":\"ImageObject\",\"inLanguage\":\"de\",\"@id\":\"https:\/\/www.schneemann-berlin.de\/blog\/#\/schema\/person\/image\/\",\"url\":\"https:\/\/www.schneemann-berlin.de\/blog\/wp-content\/uploads\/2021\/06\/2012-03-horst-profilbild3.jpg\",\"contentUrl\":\"https:\/\/www.schneemann-berlin.de\/blog\/wp-content\/uploads\/2021\/06\/2012-03-horst-profilbild3.jpg\",\"width\":900,\"height\":900,\"caption\":\"schneemann\"},\"logo\":{\"@id\":\"https:\/\/www.schneemann-berlin.de\/blog\/#\/schema\/person\/image\/\"},\"sameAs\":[\"http:\/\/www.schneemann-berlin.de\",\"https:\/\/www.youtube.com\/horstschneemann\"]}]}<\/script>\n<!-- \/ Yoast SEO plugin. -->","yoast_head_json":{"title":"1736 Merkw\u00fcrdigkeiten des Unterharzes - schneeblog","robots":{"index":"index","follow":"follow","max-snippet":"max-snippet:-1","max-image-preview":"max-image-preview:large","max-video-preview":"max-video-preview:-1"},"canonical":"https:\/\/www.schneemann-berlin.de\/blog\/siersleben-ein-dorf-im-mansfelder-land\/quellen-zur-historie-sierslebens\/1763-merkwuerdigkeiten-unterharz\/","og_locale":"de_DE","og_type":"article","og_title":"1736 Merkw\u00fcrdigkeiten des Unterharzes - schneeblog","og_description":"[&hellip;]","og_url":"https:\/\/www.schneemann-berlin.de\/blog\/siersleben-ein-dorf-im-mansfelder-land\/quellen-zur-historie-sierslebens\/1763-merkwuerdigkeiten-unterharz\/","og_site_name":"schneeblog","article_modified_time":"2023-09-14T06:56:31+00:00","og_image":[{"url":"https:\/\/www.schneemann-berlin.de\/blog\/wp-content\/uploads\/2016\/03\/1736-rohr-S464.jpg"}],"twitter_card":"summary_large_image","twitter_misc":{"Gesch\u00e4tzte Lesezeit":"1\u00a0Minute"},"schema":{"@context":"https:\/\/schema.org","@graph":[{"@type":"WebPage","@id":"https:\/\/www.schneemann-berlin.de\/blog\/siersleben-ein-dorf-im-mansfelder-land\/quellen-zur-historie-sierslebens\/1763-merkwuerdigkeiten-unterharz\/","url":"https:\/\/www.schneemann-berlin.de\/blog\/siersleben-ein-dorf-im-mansfelder-land\/quellen-zur-historie-sierslebens\/1763-merkwuerdigkeiten-unterharz\/","name":"1736 Merkw\u00fcrdigkeiten des Unterharzes - schneeblog","isPartOf":{"@id":"https:\/\/www.schneemann-berlin.de\/blog\/#website"},"datePublished":"2021-05-06T07:57:24+00:00","dateModified":"2023-09-14T06:56:31+00:00","breadcrumb":{"@id":"https:\/\/www.schneemann-berlin.de\/blog\/siersleben-ein-dorf-im-mansfelder-land\/quellen-zur-historie-sierslebens\/1763-merkwuerdigkeiten-unterharz\/#breadcrumb"},"inLanguage":"de","potentialAction":[{"@type":"ReadAction","target":["https:\/\/www.schneemann-berlin.de\/blog\/siersleben-ein-dorf-im-mansfelder-land\/quellen-zur-historie-sierslebens\/1763-merkwuerdigkeiten-unterharz\/"]}]},{"@type":"BreadcrumbList","@id":"https:\/\/www.schneemann-berlin.de\/blog\/siersleben-ein-dorf-im-mansfelder-land\/quellen-zur-historie-sierslebens\/1763-merkwuerdigkeiten-unterharz\/#breadcrumb","itemListElement":[{"@type":"ListItem","position":1,"name":"Startseite","item":"https:\/\/www.schneemann-berlin.de\/blog\/"},{"@type":"ListItem","position":2,"name":"Siersleben-ein Dorf im Mansfelder Land","item":"https:\/\/www.schneemann-berlin.de\/blog\/siersleben-ein-dorf-im-mansfelder-land\/"},{"@type":"ListItem","position":3,"name":"Quellen zur Historie Sierslebens","item":"https:\/\/www.schneemann-berlin.de\/blog\/siersleben-ein-dorf-im-mansfelder-land\/quellen-zur-historie-sierslebens\/"},{"@type":"ListItem","position":4,"name":"1736 Merkw\u00fcrdigkeiten des Unterharzes"}]},{"@type":"WebSite","@id":"https:\/\/www.schneemann-berlin.de\/blog\/#website","url":"https:\/\/www.schneemann-berlin.de\/blog\/","name":"schneeblog","description":"kleingr\u00fcnrotkarierte Republik Deutschland","publisher":{"@id":"https:\/\/www.schneemann-berlin.de\/blog\/#\/schema\/person\/01899872b7c565f258077670b4160987"},"potentialAction":[{"@type":"SearchAction","target":{"@type":"EntryPoint","urlTemplate":"https:\/\/www.schneemann-berlin.de\/blog\/?s={search_term_string}"},"query-input":"required name=search_term_string"}],"inLanguage":"de"},{"@type":["Person","Organization"],"@id":"https:\/\/www.schneemann-berlin.de\/blog\/#\/schema\/person\/01899872b7c565f258077670b4160987","name":"schneemann","image":{"@type":"ImageObject","inLanguage":"de","@id":"https:\/\/www.schneemann-berlin.de\/blog\/#\/schema\/person\/image\/","url":"https:\/\/www.schneemann-berlin.de\/blog\/wp-content\/uploads\/2021\/06\/2012-03-horst-profilbild3.jpg","contentUrl":"https:\/\/www.schneemann-berlin.de\/blog\/wp-content\/uploads\/2021\/06\/2012-03-horst-profilbild3.jpg","width":900,"height":900,"caption":"schneemann"},"logo":{"@id":"https:\/\/www.schneemann-berlin.de\/blog\/#\/schema\/person\/image\/"},"sameAs":["http:\/\/www.schneemann-berlin.de","https:\/\/www.youtube.com\/horstschneemann"]}]}},"_links":{"self":[{"href":"https:\/\/www.schneemann-berlin.de\/blog\/wp-json\/wp\/v2\/pages\/6293","targetHints":{"allow":["GET"]}}],"collection":[{"href":"https:\/\/www.schneemann-berlin.de\/blog\/wp-json\/wp\/v2\/pages"}],"about":[{"href":"https:\/\/www.schneemann-berlin.de\/blog\/wp-json\/wp\/v2\/types\/page"}],"author":[{"embeddable":true,"href":"https:\/\/www.schneemann-berlin.de\/blog\/wp-json\/wp\/v2\/users\/1"}],"replies":[{"embeddable":true,"href":"https:\/\/www.schneemann-berlin.de\/blog\/wp-json\/wp\/v2\/comments?post=6293"}],"version-history":[{"count":3,"href":"https:\/\/www.schneemann-berlin.de\/blog\/wp-json\/wp\/v2\/pages\/6293\/revisions"}],"predecessor-version":[{"id":7780,"href":"https:\/\/www.schneemann-berlin.de\/blog\/wp-json\/wp\/v2\/pages\/6293\/revisions\/7780"}],"up":[{"embeddable":true,"href":"https:\/\/www.schneemann-berlin.de\/blog\/wp-json\/wp\/v2\/pages\/3629"}],"wp:attachment":[{"href":"https:\/\/www.schneemann-berlin.de\/blog\/wp-json\/wp\/v2\/media?parent=6293"}],"curies":[{"name":"wp","href":"https:\/\/api.w.org\/{rel}","templated":true}]}}