{"id":7939,"date":"2021-06-19T10:14:23","date_gmt":"2021-06-19T08:14:23","guid":{"rendered":"https:\/\/www.schneemann-berlin.de\/blog\/?page_id=7939"},"modified":"2021-06-19T10:42:45","modified_gmt":"2021-06-19T08:42:45","slug":"vom-der-ruhr-an-den-ristebach","status":"publish","type":"page","link":"https:\/\/www.schneemann-berlin.de\/blog\/siersleben-ein-dorf-im-mansfelder-land\/quellen-zur-historie-sierslebens\/erlebnisberichte\/vom-der-ruhr-an-den-ristebach\/","title":{"rendered":"Von der Ruhr an den Ristebach"},"content":{"rendered":"\n<div style=\"height:100px\" aria-hidden=\"true\" class=\"wp-block-spacer\"><\/div>\n\n\n\n<p>Eines Tages im Fr\u00fc\u00adsom\u00admer 2021 erhielt ich eine Nach\u00adricht von Frau <em>Hel\u00adga Rein\u00adhard<\/em> aus Duis\u00adburg des Inhal\u00adtes, dass Sie als Kind zu Kriegs\u00aden\u00adde eini\u00adge Zeit in Siers\u00adle\u00adben weil\u00adte; sie sei aus dem Ruhr\u00adge\u00adbiet hier\u00adher nach Siers\u00adle\u00adben eva\u00adku\u00adiert wor\u00adden.<br>Der Siers\u00adle\u00adber Orts\u00adchro\u00adnist Fried\u00adrich G\u00e4n\u00adgel erw\u00e4hnt in sei\u00adner <em>Siers\u00adle\u00adber Chro\u00adnik<\/em> (1. Buch \/\u200b Band II) der\u00adar\u00adti\u00adge Sachverhalte:<\/p>\n\n\n\n<p class=\"has-pale-cyan-blue-background-color has-background\"><em>Infol\u00adge der Luft\u00adan\u00adgrif\u00adfe der Alli\u00adier\u00adten auf das Ruhr\u00adge\u00adbiet wur\u00adden gro\u00ad\u00dfe Tei\u00adle die\u00adses Land\u00adstri\u00adches von der Zivil\u00adbe\u00adv\u00f6l\u00adke\u00adrung ger\u00e4umt. Auch nach Siers\u00adle\u00adben kamen Fl\u00fccht\u00adlin\u00adge von dort und wur\u00adden hier bei den Ein\u00adwoh\u00adnern unter\u00adge\u00adbracht. [\u2026] Vie\u00adle Ber\u00adli\u00adner kamen in die\u00adser Zeit auch nach Siers\u00adle\u00adben und erhiel\u00adten hier ein Unter\u00adkom\u00admen. [\u2026] Nach Siers\u00adle\u00adben kom\u00admen im Janu\u00adar eine gro\u00ad\u00dfe Zahl von Fl\u00fccht\u00adlin\u00adgen aus den Pro\u00advin\u00adzen Ost- und West\u00adpreu\u00ad\u00dfen, Posen, Pom\u00admern und Schle\u00adsi\u00aden. Sie wur\u00adden in Schu\u00adlen, Gast\u00adst\u00e4t\u00adten sowie in Pri\u00advat\u00adquar\u00adtie\u00adren zun\u00e4chst not\u00add\u00fcrf\u00adtig unter\u00adge\u00adbracht. Es war bit\u00adter\u00adkalt und die Fl\u00fccht\u00adlin\u00adge mach\u00adten einen bedau\u00aderns\u00adwer\u00adten Eindruck.<\/em><\/p>\n\n\n\n<p>Frau Rein\u00adhard und ich stimm\u00adten dar\u00adin \u00fcber\u00adein, dass sie einen kur\u00adzen Erleb\u00adnis\u00adbe\u00adricht \u00fcber ihren Auf\u00adent\u00adhalt hier in Siers\u00adle\u00adben ver\u00adfasst.<br>Die\u00adser ber\u00fch\u00adren\u00adde Bericht ist damit Teil mei\u00adner Web\u00adsite \u00fcber Siers\u00adle\u00adben gewor\u00adden \u2013 Vie\u00adlen Dank, Frau Reinhard.<\/p>\n\n\n\n<div style=\"height:100px\" aria-hidden=\"true\" class=\"wp-block-spacer\"><\/div>\n\n\n\n<h2 class=\"has-text-align-right wp-block-heading\">H. Reinhard \u2013 Evakuierung in Siersleben<\/h2>\n\n\n\n<div class=\"wp-block-columns is-layout-flex wp-container-core-columns-is-layout-9d6595d7 wp-block-columns-is-layout-flex\">\n<div class=\"wp-block-column is-layout-flow wp-block-column-is-layout-flow\">\n<p>Hier in Duis\u00adburg wohn\u00adten wir zwi\u00adschen Auto\u00adbahn und Bahn\u00adglei\u00adsen (stark befah\u00adre\u00adne G\u00fcter\u00adstre\u00adcke; Aus\u00adbes\u00adse\u00adrungs\u00adwerk).<br>Als es zu gef\u00e4hr\u00adlich f\u00fcr M\u00fct\u00adter und Kin\u00adder wur\u00adde, hat mei\u00adne Oma einen LKW orga\u00adni\u00adsiert. So fuh\u00adren wir d.h. eine Gro\u00df\u00admutter, 3&nbsp;T\u00f6ch\u00adter mit ins\u00adge\u00adsamt 6&nbsp;Kin\u00addern nach Siers\u00adle\u00adben. Wer die\u00adses Ziel aus\u00adge\u00adsucht hat \u2013 ich wei\u00df es nicht.<br>Wir wur\u00adden dort in einer Gast\u00adst\u00e4t\u00adte unter\u00adge\u00adbracht, deren Wir\u00adtin auf uns nicht gut zu spre\u00adchen war. In einem klei\u00adnen Raum mit 10 Per\u00adso\u00adnen! Das Zim\u00admer hat\u00adte feuch\u00adte, schim\u00adme\u00adli\u00adge W\u00e4n\u00adde. Wir hat\u00adten einen 1\u2011Flammenkocher mit einem Topf. Geschla\u00adfen wur\u00adde auf dem Boden; die Toi\u00adlet\u00adte durf\u00adten wir nicht benut\u00adzen. Am Ende des Gar\u00adtens gab es das H\u00e4us\u00adchen mit dem Herz. Lei\u00adder gab es aber auch Trut\u00adh\u00e4h\u00adne im Gar\u00adten, die uns Kin\u00addern Angst mach\u00adten. Ich w\u00fcr\u00adde auch heu\u00adte noch nie Trut\u00adhahn-Fleisch essen!<br><br>Mit 6&nbsp;Jah\u00adren wur\u00adde ich 1945&nbsp;in Siers\u00adle\u00adben ein\u00adge\u00adschult. Zu mei\u00adner Ein\u00adschu\u00adlung gab es kei\u00adne Schul\u00adt\u00fc\u00adte, son\u00addern in der Pfan\u00adne selbst\u00adge\u00admach\u00adte Bon\u00adbons.<br>Ich erin\u00adne\u00adre mich auch noch genau an mei\u00adnen Schul\u00adweg. Eine stei\u00adle Trep\u00adpe f\u00fchr\u00adte nach unten zum Schul\u00adge\u00adb\u00e4u\u00adde. Im Win\u00adter war die\u00adse Trep\u00adpe sehr glatt und ver\u00adschneit. Wer gut len\u00adken konn\u00adte, fuhr mit dem Schlit\u00adten dort hin\u00adun\u00adter.<br>Wir Kin\u00adder haben uns beim B\u00e4cker anstel\u00adlen m\u00fcs\u00adsen, um Brot zu bekom\u00admen. Beim Metz\u00adger gab es f\u00fcr uns kein Fleisch, son\u00addern \u2013 wenn wir Gl\u00fcck hat\u00adten \u2013 Fleisch\u00adbr\u00fc\u00adhe.<br>Manch\u00admal gin\u00adgen wir als Fami\u00adlie l\u00e4ngs einer befah\u00adre\u00adnen Stra\u00ad\u00dfe spa\u00adzie\u00adren.<br><br>Im Mai 1945 gin\u00adgen wir dabei ein\u00admal auf der lin\u00adken Sei\u00adte der Stra\u00ad\u00dfe zum Teil an der Hand unse\u00adrer M\u00fct\u00adter. Ein Cou\u00adsin von mir pfl\u00fcck\u00adte auf der ande\u00adren Stra\u00ad\u00dfen\u00adsei\u00adte an einem Hang Blu\u00admen. Pl\u00f6tz\u00adlich riss sich sein Bru\u00adder von der Hand sei\u00adner Mut\u00adter los, um auf die ande\u00adre Stra\u00ad\u00dfen\u00adsei\u00adte zu sei\u00adnem Bru\u00adder zu lau\u00adfen. Genau in die\u00adsem Moment kam auf der absch\u00fcs\u00adsi\u00adgen Stra\u00ad\u00dfe ein ame\u00adri\u00adka\u00adni\u00adscher Jeep. So sahen wir alle wie mein Cou\u00adsin Horst \u00fcber\u00adfah\u00adren wur\u00adde; der Fah\u00adrer des Jeeps konn\u00adte nichts machen und hat\u00adte kei\u00adne Schuld.<br>Die Ame\u00adri\u00adka\u00adner k\u00fcm\u00admer\u00adten sich um unse\u00adre Fami\u00adlie. So sorg\u00adten sie daf\u00fcr, dass wir ab sofort ein zwei\u00adtes, sch\u00f6\u00adnes Zim\u00admer im Gast\u00adhaus beka\u00admen und die Toi\u00adlet\u00adte mit benut\u00adzen durften.&nbsp;<\/p>\n<\/div>\n\n\n\n<div class=\"wp-block-column is-layout-flow wp-block-column-is-layout-flow\">\n<p>F\u00fcr die Bei\u00adset\u00adzung mei\u00adnes Cou\u00adsins sorg\u00adten die Ame\u00adri\u00adka\u00adner auch; er wur\u00adde in Fall\u00adschirm\u00adsei\u00adde im Gar\u00adten mit Flie\u00adder als Blu\u00admen\u00adschmuck auf\u00adge\u00adbahrt. Ich erin\u00adne\u00adre mich genau an den Flie\u00adder\u00adduft. Die Ame\u00adri\u00adka\u00adner sorg\u00adten 1946 auch f\u00fcr unse\u00adre Heim\u00adfahrt. Daf\u00fcr waren wir sehr dank\u00adbar!<br><br>Zu Haus in Duis\u00adburg ange\u00adkom\u00admen, kam mein Onkel aus Afri\u00adka nach Hau\u00adse; als Sol\u00addat, als Koch und Metz\u00adger ging es ihm gut und er war gut gen\u00e4hrt. Als er sei\u00adne Frau mit den zwei noch leben\u00adden S\u00f6h\u00adnen sah, schick\u00adte er sie zu Ver\u00adwand\u00adten nach Seve\u00adlen an den Nie\u00adder\u00adrhein. Dort wur\u00adde geschlach\u00adtet und sie soll\u00adten sich mal so rich\u00adtig satt essen! Lei\u00adder blieb die Wurst \u00fcber Nacht in Zink\u00adwan\u00adnen ste\u00adhen und war dadurch ver\u00adgif\u00adtet. Mei\u00adne Tan\u00adte und ihre bei\u00adden S\u00f6h\u00adne hat\u00adten eine schlim\u00adme Fleisch\u00adver\u00adgif\u00adtung! Die bei\u00adden Jungs star\u00adben und mei\u00adne Tan\u00adte \u00fcber\u00adleb\u00adte so schwer erkrankt, dass sie nicht an der Beer\u00addi\u00adgung ihrer letz\u00adten zwei Kin\u00adder teil\u00adneh\u00admen konn\u00adte. In 11 Mona\u00adten hat\u00adte sie ihre drei Kin\u00adder ver\u00adlo\u00adren.<br><br>Die\u00adse Kriegs\u00adwo\u00adchen mit den Erleb\u00adnis\u00adsen und \u00c4ngs\u00adten kann ich nicht ver\u00adges\u00adsen! Eine sch\u00f6\u00adne Erin\u00adne\u00adrung an die\u00adse Zeit in Siers\u00adle\u00adben war die sch\u00f6\u00adne, wei\u00adte Land\u00adschaft.<br>Immer woll\u00adte ich wis\u00adsen, wo Siers\u00adle\u00adben liegt. Jetzt hat mei\u00adne Toch\u00adter mir im Inter\u00adnet die Land\u00adschaft gezeigt. Als ich Ihre Sei\u00adte mit den alten Post\u00adkar\u00adten und Berich\u00adten sah, habe ich Sie ange\u00adru\u00adfen und gefragt, ob Sie an mei\u00adner Geschich\u00adte und den Erin\u00adne\u00adrun\u00adgen an Siers\u00adle\u00adben Inter\u00ades\u00adse haben. Sie haben mir erz\u00e4hlt, dass Sie in Ihrer Inter\u00ades\u00adsen\u00adgrup\u00adpe B\u00fccher \u00fcber Ihre Hei\u00admat geschrie\u00adben haben. Das fin\u00adde ich ganz toll und auch sehr wich\u00adtig. Wenn wir aus die\u00adser Zeit nicht erz\u00e4h\u00adlen, dann gibt es bald nie\u00adman\u00adden mehr aus unse\u00adrer Gene\u00adra\u00adti\u00adon, der davon berich\u00adten kann. Ihre Arbeit ist also sehr, sehr wich\u00adtig! Ich hof\u00adfe, Ihre B\u00fccher wer\u00adden mit gro\u00ad\u00dfem Inter\u00ades\u00adse gele\u00adsen.<br>Bald wer\u00adde ich 83 Jah\u00adre alt. Ich bin froh, dass wir nach dem Krieg in fried\u00adli\u00adchen Zei\u00adten leben konn\u00adten. Unse\u00adre M\u00fct\u00adter haben in der Kriegs\u00adzeit gro\u00ad\u00dfes geleis\u00adtet. Sie haben uns besch\u00fctzt, ern\u00e4hrt und auch mit ihren M\u00f6g\u00adlich\u00adkei\u00adten eine sch\u00f6\u00adne Zeit berei\u00adtet. Daf\u00fcr dan\u00adke ich immer wie\u00adder.<br><br>Duis\u00adburg, im Juni 2021<br><em>Hel\u00adga Rein\u00adhard<\/em> und Toch\u00adter <em>Ange\u00adli\u00adka<\/em><\/p>\n<\/div>\n<\/div>\n","protected":false},"excerpt":{"rendered":"<p> [\u2026]<\/p>\n","protected":false},"author":1,"featured_media":0,"parent":7392,"menu_order":2,"comment_status":"open","ping_status":"closed","template":"","meta":{"wp_typography_post_enhancements_disabled":false,"ngg_post_thumbnail":0,"footnotes":""},"class_list":["post-7939","page","type-page","status-publish","hentry"],"yoast_head":"<!-- This site is optimized with the Yoast SEO plugin v21.3 - https:\/\/yoast.com\/wordpress\/plugins\/seo\/ -->\n<title>Von der Ruhr an den Ristebach - schneeblog<\/title>\n<meta name=\"robots\" content=\"index, follow, max-snippet:-1, max-image-preview:large, max-video-preview:-1\" \/>\n<link rel=\"canonical\" href=\"https:\/\/www.schneemann-berlin.de\/blog\/siersleben-ein-dorf-im-mansfelder-land\/quellen-zur-historie-sierslebens\/erlebnisberichte\/vom-der-ruhr-an-den-ristebach\/\" \/>\n<meta property=\"og:locale\" content=\"de_DE\" \/>\n<meta property=\"og:type\" content=\"article\" \/>\n<meta property=\"og:title\" content=\"Von der Ruhr an den Ristebach - schneeblog\" \/>\n<meta property=\"og:description\" content=\"[&hellip;]\" \/>\n<meta property=\"og:url\" content=\"https:\/\/www.schneemann-berlin.de\/blog\/siersleben-ein-dorf-im-mansfelder-land\/quellen-zur-historie-sierslebens\/erlebnisberichte\/vom-der-ruhr-an-den-ristebach\/\" \/>\n<meta property=\"og:site_name\" content=\"schneeblog\" \/>\n<meta property=\"article:modified_time\" content=\"2021-06-19T08:42:45+00:00\" \/>\n<meta name=\"twitter:card\" content=\"summary_large_image\" \/>\n<meta name=\"twitter:label1\" content=\"Gesch\u00e4tzte Lesezeit\" \/>\n\t<meta name=\"twitter:data1\" content=\"5\u00a0Minuten\" \/>\n<script type=\"application\/ld+json\" class=\"yoast-schema-graph\">{\"@context\":\"https:\/\/schema.org\",\"@graph\":[{\"@type\":\"WebPage\",\"@id\":\"https:\/\/www.schneemann-berlin.de\/blog\/siersleben-ein-dorf-im-mansfelder-land\/quellen-zur-historie-sierslebens\/erlebnisberichte\/vom-der-ruhr-an-den-ristebach\/\",\"url\":\"https:\/\/www.schneemann-berlin.de\/blog\/siersleben-ein-dorf-im-mansfelder-land\/quellen-zur-historie-sierslebens\/erlebnisberichte\/vom-der-ruhr-an-den-ristebach\/\",\"name\":\"Von der Ruhr an den Ristebach - schneeblog\",\"isPartOf\":{\"@id\":\"https:\/\/www.schneemann-berlin.de\/blog\/#website\"},\"datePublished\":\"2021-06-19T08:14:23+00:00\",\"dateModified\":\"2021-06-19T08:42:45+00:00\",\"breadcrumb\":{\"@id\":\"https:\/\/www.schneemann-berlin.de\/blog\/siersleben-ein-dorf-im-mansfelder-land\/quellen-zur-historie-sierslebens\/erlebnisberichte\/vom-der-ruhr-an-den-ristebach\/#breadcrumb\"},\"inLanguage\":\"de\",\"potentialAction\":[{\"@type\":\"ReadAction\",\"target\":[\"https:\/\/www.schneemann-berlin.de\/blog\/siersleben-ein-dorf-im-mansfelder-land\/quellen-zur-historie-sierslebens\/erlebnisberichte\/vom-der-ruhr-an-den-ristebach\/\"]}]},{\"@type\":\"BreadcrumbList\",\"@id\":\"https:\/\/www.schneemann-berlin.de\/blog\/siersleben-ein-dorf-im-mansfelder-land\/quellen-zur-historie-sierslebens\/erlebnisberichte\/vom-der-ruhr-an-den-ristebach\/#breadcrumb\",\"itemListElement\":[{\"@type\":\"ListItem\",\"position\":1,\"name\":\"Startseite\",\"item\":\"https:\/\/www.schneemann-berlin.de\/blog\/\"},{\"@type\":\"ListItem\",\"position\":2,\"name\":\"Siersleben-ein Dorf im Mansfelder Land\",\"item\":\"https:\/\/www.schneemann-berlin.de\/blog\/siersleben-ein-dorf-im-mansfelder-land\/\"},{\"@type\":\"ListItem\",\"position\":3,\"name\":\"Quellen zur Historie Sierslebens\",\"item\":\"https:\/\/www.schneemann-berlin.de\/blog\/siersleben-ein-dorf-im-mansfelder-land\/quellen-zur-historie-sierslebens\/\"},{\"@type\":\"ListItem\",\"position\":4,\"name\":\"Erlebnisberichte\",\"item\":\"https:\/\/www.schneemann-berlin.de\/blog\/siersleben-ein-dorf-im-mansfelder-land\/quellen-zur-historie-sierslebens\/erlebnisberichte\/\"},{\"@type\":\"ListItem\",\"position\":5,\"name\":\"Von der Ruhr an den Ristebach\"}]},{\"@type\":\"WebSite\",\"@id\":\"https:\/\/www.schneemann-berlin.de\/blog\/#website\",\"url\":\"https:\/\/www.schneemann-berlin.de\/blog\/\",\"name\":\"schneeblog\",\"description\":\"kleingr\u00fcnrotkarierte Republik Deutschland\",\"publisher\":{\"@id\":\"https:\/\/www.schneemann-berlin.de\/blog\/#\/schema\/person\/01899872b7c565f258077670b4160987\"},\"potentialAction\":[{\"@type\":\"SearchAction\",\"target\":{\"@type\":\"EntryPoint\",\"urlTemplate\":\"https:\/\/www.schneemann-berlin.de\/blog\/?s={search_term_string}\"},\"query-input\":\"required name=search_term_string\"}],\"inLanguage\":\"de\"},{\"@type\":[\"Person\",\"Organization\"],\"@id\":\"https:\/\/www.schneemann-berlin.de\/blog\/#\/schema\/person\/01899872b7c565f258077670b4160987\",\"name\":\"schneemann\",\"image\":{\"@type\":\"ImageObject\",\"inLanguage\":\"de\",\"@id\":\"https:\/\/www.schneemann-berlin.de\/blog\/#\/schema\/person\/image\/\",\"url\":\"https:\/\/www.schneemann-berlin.de\/blog\/wp-content\/uploads\/2021\/06\/2012-03-horst-profilbild3.jpg\",\"contentUrl\":\"https:\/\/www.schneemann-berlin.de\/blog\/wp-content\/uploads\/2021\/06\/2012-03-horst-profilbild3.jpg\",\"width\":900,\"height\":900,\"caption\":\"schneemann\"},\"logo\":{\"@id\":\"https:\/\/www.schneemann-berlin.de\/blog\/#\/schema\/person\/image\/\"},\"sameAs\":[\"http:\/\/www.schneemann-berlin.de\",\"https:\/\/www.youtube.com\/horstschneemann\"]}]}<\/script>\n<!-- \/ Yoast SEO plugin. -->","yoast_head_json":{"title":"Von der Ruhr an den Ristebach - schneeblog","robots":{"index":"index","follow":"follow","max-snippet":"max-snippet:-1","max-image-preview":"max-image-preview:large","max-video-preview":"max-video-preview:-1"},"canonical":"https:\/\/www.schneemann-berlin.de\/blog\/siersleben-ein-dorf-im-mansfelder-land\/quellen-zur-historie-sierslebens\/erlebnisberichte\/vom-der-ruhr-an-den-ristebach\/","og_locale":"de_DE","og_type":"article","og_title":"Von der Ruhr an den Ristebach - schneeblog","og_description":"[&hellip;]","og_url":"https:\/\/www.schneemann-berlin.de\/blog\/siersleben-ein-dorf-im-mansfelder-land\/quellen-zur-historie-sierslebens\/erlebnisberichte\/vom-der-ruhr-an-den-ristebach\/","og_site_name":"schneeblog","article_modified_time":"2021-06-19T08:42:45+00:00","twitter_card":"summary_large_image","twitter_misc":{"Gesch\u00e4tzte Lesezeit":"5\u00a0Minuten"},"schema":{"@context":"https:\/\/schema.org","@graph":[{"@type":"WebPage","@id":"https:\/\/www.schneemann-berlin.de\/blog\/siersleben-ein-dorf-im-mansfelder-land\/quellen-zur-historie-sierslebens\/erlebnisberichte\/vom-der-ruhr-an-den-ristebach\/","url":"https:\/\/www.schneemann-berlin.de\/blog\/siersleben-ein-dorf-im-mansfelder-land\/quellen-zur-historie-sierslebens\/erlebnisberichte\/vom-der-ruhr-an-den-ristebach\/","name":"Von der Ruhr an den Ristebach - schneeblog","isPartOf":{"@id":"https:\/\/www.schneemann-berlin.de\/blog\/#website"},"datePublished":"2021-06-19T08:14:23+00:00","dateModified":"2021-06-19T08:42:45+00:00","breadcrumb":{"@id":"https:\/\/www.schneemann-berlin.de\/blog\/siersleben-ein-dorf-im-mansfelder-land\/quellen-zur-historie-sierslebens\/erlebnisberichte\/vom-der-ruhr-an-den-ristebach\/#breadcrumb"},"inLanguage":"de","potentialAction":[{"@type":"ReadAction","target":["https:\/\/www.schneemann-berlin.de\/blog\/siersleben-ein-dorf-im-mansfelder-land\/quellen-zur-historie-sierslebens\/erlebnisberichte\/vom-der-ruhr-an-den-ristebach\/"]}]},{"@type":"BreadcrumbList","@id":"https:\/\/www.schneemann-berlin.de\/blog\/siersleben-ein-dorf-im-mansfelder-land\/quellen-zur-historie-sierslebens\/erlebnisberichte\/vom-der-ruhr-an-den-ristebach\/#breadcrumb","itemListElement":[{"@type":"ListItem","position":1,"name":"Startseite","item":"https:\/\/www.schneemann-berlin.de\/blog\/"},{"@type":"ListItem","position":2,"name":"Siersleben-ein Dorf im Mansfelder Land","item":"https:\/\/www.schneemann-berlin.de\/blog\/siersleben-ein-dorf-im-mansfelder-land\/"},{"@type":"ListItem","position":3,"name":"Quellen zur Historie Sierslebens","item":"https:\/\/www.schneemann-berlin.de\/blog\/siersleben-ein-dorf-im-mansfelder-land\/quellen-zur-historie-sierslebens\/"},{"@type":"ListItem","position":4,"name":"Erlebnisberichte","item":"https:\/\/www.schneemann-berlin.de\/blog\/siersleben-ein-dorf-im-mansfelder-land\/quellen-zur-historie-sierslebens\/erlebnisberichte\/"},{"@type":"ListItem","position":5,"name":"Von der Ruhr an den Ristebach"}]},{"@type":"WebSite","@id":"https:\/\/www.schneemann-berlin.de\/blog\/#website","url":"https:\/\/www.schneemann-berlin.de\/blog\/","name":"schneeblog","description":"kleingr\u00fcnrotkarierte Republik Deutschland","publisher":{"@id":"https:\/\/www.schneemann-berlin.de\/blog\/#\/schema\/person\/01899872b7c565f258077670b4160987"},"potentialAction":[{"@type":"SearchAction","target":{"@type":"EntryPoint","urlTemplate":"https:\/\/www.schneemann-berlin.de\/blog\/?s={search_term_string}"},"query-input":"required name=search_term_string"}],"inLanguage":"de"},{"@type":["Person","Organization"],"@id":"https:\/\/www.schneemann-berlin.de\/blog\/#\/schema\/person\/01899872b7c565f258077670b4160987","name":"schneemann","image":{"@type":"ImageObject","inLanguage":"de","@id":"https:\/\/www.schneemann-berlin.de\/blog\/#\/schema\/person\/image\/","url":"https:\/\/www.schneemann-berlin.de\/blog\/wp-content\/uploads\/2021\/06\/2012-03-horst-profilbild3.jpg","contentUrl":"https:\/\/www.schneemann-berlin.de\/blog\/wp-content\/uploads\/2021\/06\/2012-03-horst-profilbild3.jpg","width":900,"height":900,"caption":"schneemann"},"logo":{"@id":"https:\/\/www.schneemann-berlin.de\/blog\/#\/schema\/person\/image\/"},"sameAs":["http:\/\/www.schneemann-berlin.de","https:\/\/www.youtube.com\/horstschneemann"]}]}},"_links":{"self":[{"href":"https:\/\/www.schneemann-berlin.de\/blog\/wp-json\/wp\/v2\/pages\/7939","targetHints":{"allow":["GET"]}}],"collection":[{"href":"https:\/\/www.schneemann-berlin.de\/blog\/wp-json\/wp\/v2\/pages"}],"about":[{"href":"https:\/\/www.schneemann-berlin.de\/blog\/wp-json\/wp\/v2\/types\/page"}],"author":[{"embeddable":true,"href":"https:\/\/www.schneemann-berlin.de\/blog\/wp-json\/wp\/v2\/users\/1"}],"replies":[{"embeddable":true,"href":"https:\/\/www.schneemann-berlin.de\/blog\/wp-json\/wp\/v2\/comments?post=7939"}],"version-history":[{"count":9,"href":"https:\/\/www.schneemann-berlin.de\/blog\/wp-json\/wp\/v2\/pages\/7939\/revisions"}],"predecessor-version":[{"id":7950,"href":"https:\/\/www.schneemann-berlin.de\/blog\/wp-json\/wp\/v2\/pages\/7939\/revisions\/7950"}],"up":[{"embeddable":true,"href":"https:\/\/www.schneemann-berlin.de\/blog\/wp-json\/wp\/v2\/pages\/7392"}],"wp:attachment":[{"href":"https:\/\/www.schneemann-berlin.de\/blog\/wp-json\/wp\/v2\/media?parent=7939"}],"curies":[{"name":"wp","href":"https:\/\/api.w.org\/{rel}","templated":true}]}}